{"id":567,"date":"2018-09-24T11:59:55","date_gmt":"2018-09-24T11:59:55","guid":{"rendered":"https:\/\/louishotelspro.com\/about\/"},"modified":"2025-10-31T10:10:52","modified_gmt":"2025-10-31T08:10:52","slug":"ueber-uns","status":"publish","type":"page","link":"https:\/\/louishotelspro.com\/de\/ueber-uns\/","title":{"rendered":"\u00dcber uns"},"content":{"rendered":"\t\t<div data-elementor-type=\"wp-post\" data-elementor-id=\"567\" class=\"elementor elementor-567 elementor-52\" data-elementor-post-type=\"page\">\n\t\t\t\t\t\t<section class=\"elementor-section elementor-top-section elementor-element elementor-element-1fc8a73 elementor-section-height-min-height elementor-section-boxed elementor-section-height-default elementor-section-items-middle\" data-id=\"1fc8a73\" data-element_type=\"section\" data-e-type=\"section\" data-settings=\"{&quot;background_background&quot;:&quot;classic&quot;}\">\n\t\t\t\t\t\t<div class=\"elementor-container elementor-column-gap-default\">\n\t\t\t\t\t<div class=\"elementor-column elementor-col-100 elementor-top-column elementor-element elementor-element-69d7c28\" data-id=\"69d7c28\" data-element_type=\"column\" data-e-type=\"column\">\n\t\t\t<div class=\"elementor-widget-wrap elementor-element-populated\">\n\t\t\t\t\t\t<div class=\"elementor-element elementor-element-8d6c78e elementor-widget elementor-widget-heading\" data-id=\"8d6c78e\" data-element_type=\"widget\" data-e-type=\"widget\" data-widget_type=\"heading.default\">\n\t\t\t\t<div class=\"elementor-widget-container\">\n\t\t\t\t\t<span class=\"elementor-heading-title elementor-size-default\">26H<sup>O<\/sup> 7D<sup>O<\/sup> 3C<sup>O<\/sup> <span style=\"color:#005C5D\">1L<sup>O<\/sup><\/span><\/span>\t\t\t\t<\/div>\n\t\t\t\t<\/div>\n\t\t\t\t<div class=\"elementor-element elementor-element-1f85abf elementor-widget__width-auto elementor-widget elementor-widget-heading\" data-id=\"1f85abf\" data-element_type=\"widget\" data-e-type=\"widget\" data-widget_type=\"heading.default\">\n\t\t\t\t<div class=\"elementor-widget-container\">\n\t\t\t\t\t<h1 class=\"elementor-heading-title elementor-size-default\">a journey&nbsp;<\/h1>\t\t\t\t<\/div>\n\t\t\t\t<\/div>\n\t\t\t\t<div class=\"elementor-element elementor-element-f164bb6 elementor-widget__width-auto elementor-widget elementor-widget-heading\" data-id=\"f164bb6\" data-element_type=\"widget\" data-e-type=\"widget\" data-widget_type=\"heading.default\">\n\t\t\t\t<div class=\"elementor-widget-container\">\n\t\t\t\t\t<h1 class=\"elementor-heading-title elementor-size-default\">of SUCCESS\n<\/h1>\t\t\t\t<\/div>\n\t\t\t\t<\/div>\n\t\t\t\t\t<\/div>\n\t\t<\/div>\n\t\t\t\t\t<\/div>\n\t\t<\/section>\n\t\t\t\t<section class=\"elementor-section elementor-top-section elementor-element elementor-element-0a85419 elementor-section-boxed elementor-section-height-default elementor-section-height-default\" data-id=\"0a85419\" data-element_type=\"section\" data-e-type=\"section\">\n\t\t\t\t\t\t<div class=\"elementor-container elementor-column-gap-default\">\n\t\t\t\t\t<div class=\"elementor-column elementor-col-16 elementor-top-column elementor-element elementor-element-8e9dd27 elementor-hidden-mobile\" data-id=\"8e9dd27\" data-element_type=\"column\" data-e-type=\"column\">\n\t\t\t<div class=\"elementor-widget-wrap\">\n\t\t\t\t\t\t\t<\/div>\n\t\t<\/div>\n\t\t\t\t<div class=\"elementor-column elementor-col-66 elementor-top-column elementor-element elementor-element-7f3731f\" data-id=\"7f3731f\" data-element_type=\"column\" data-e-type=\"column\">\n\t\t\t<div class=\"elementor-widget-wrap elementor-element-populated\">\n\t\t\t\t\t\t<div class=\"elementor-element elementor-element-82a73ae elementor-widget elementor-widget-heading\" data-id=\"82a73ae\" data-element_type=\"widget\" data-e-type=\"widget\" data-widget_type=\"heading.default\">\n\t\t\t\t<div class=\"elementor-widget-container\">\n\t\t\t\t\t<h2 class=\"elementor-heading-title elementor-size-default\">FEIERLICH BEGEHEN WIR EIN BEMERKENSWERTES 79-J\u00c4HRIGES ERBE. WIR HABEN EINE TRADITION DES UNVERGLEICHLICHEN ESCAPISMUS GESCHAFFEN UND BIETEN UNVERGESSLICHE ERLEBNISSE IN ZYPERN UND GRIECHENLAND.\n\n<\/h2>\t\t\t\t<\/div>\n\t\t\t\t<\/div>\n\t\t\t\t<div class=\"elementor-element elementor-element-79e0ed0 elementor-widget elementor-widget-text-editor\" data-id=\"79e0ed0\" data-element_type=\"widget\" data-e-type=\"widget\" data-widget_type=\"text-editor.default\">\n\t\t\t\t<div class=\"elementor-widget-container\">\n\t\t\t\t\t\t\t\t\t<p>In den fr\u00fchen 1940er Jahren legte der vision\u00e4re Louis Loizou den Grundstein f\u00fcr das, was zu einem Eckpfeiler der zypriotischen und griechischen Hotelbranche werden sollte. Als \u201eVater des zypriotischen Tourismus\u201c bekannt, begab sich Herr Loizou auf eine Reise, die den Weg f\u00fcr die Entstehung der Louis-Gruppe ebnen sollte, die durch seinen \u00e4lteren Sohn Costakis Loizou und sein wertvolles Team weiter wuchs.<\/p><p>Die sp\u00e4ten 1980er Jahre markierten einen Wendepunkt und brachten die Gr\u00fcndung der ersten Hotelkette Zyperns, Sunotels. Die folgenden Jahrzehnte waren gepr\u00e4gt von einer Reihe bedeutender Entwicklungen, darunter die strategische Expansion des Unternehmens in Zypern und Griechenland.<\/p><p>Seitdem steht Louis Hotels an vorderster Front der Weiterentwicklung des Tourismus und strebt kontinuierlich danach, das Hotelerlebnis auf ein beispielloses Niveau zu heben.<\/p><p>Begleiten Sie uns auf einer bemerkenswerten Reise und entdecken Sie die Meilensteine, die Louis Hotels zu einem Leuchtturm der Exzellenz in der Hotelbranche gemacht haben.<\/p>\t\t\t\t\t\t\t\t<\/div>\n\t\t\t\t<\/div>\n\t\t\t\t\t<\/div>\n\t\t<\/div>\n\t\t\t\t<div class=\"elementor-column elementor-col-16 elementor-top-column elementor-element elementor-element-c6249a7 elementor-hidden-mobile\" data-id=\"c6249a7\" data-element_type=\"column\" data-e-type=\"column\">\n\t\t\t<div class=\"elementor-widget-wrap\">\n\t\t\t\t\t\t\t<\/div>\n\t\t<\/div>\n\t\t\t\t\t<\/div>\n\t\t<\/section>\n\t\t\t\t<\/div>\n\t\t","protected":false},"excerpt":{"rendered":"<p>26HO 7DO 3CO 1LO a journey&nbsp; of SUCCESS FEIERLICH BEGEHEN WIR EIN BEMERKENSWERTES 79-J\u00c4HRIGES ERBE. WIR HABEN EINE TRADITION DES UNVERGLEICHLICHEN ESCAPISMUS GESCHAFFEN UND BIETEN UNVERGESSLICHE ERLEBNISSE IN ZYPERN UND GRIECHENLAND. In den fr\u00fchen 1940er Jahren legte der vision\u00e4re Louis Loizou den Grundstein f\u00fcr das, was zu einem Eckpfeiler der zypriotischen und griechischen Hotelbranche werden [&hellip;]<\/p>\n","protected":false},"author":6,"featured_media":0,"parent":0,"menu_order":0,"comment_status":"closed","ping_status":"closed","template":"","meta":{"_acf_changed":false,"footnotes":""},"class_list":["post-567","page","type-page","status-publish","hentry"],"acf":[],"yoast_head":"<!-- This site is optimized with the Yoast SEO plugin v27.1.1 - https:\/\/yoast.com\/product\/yoast-seo-wordpress\/ -->\n<title>\u00dcber uns - Louis Hotels<\/title>\n<meta name=\"description\" content=\"Louis Hotels bietet 5- &amp; 4-Sterne-Hotels auf Zypern und in GriechenlandDie Louis-Gruppe ist eine der f\u00fchrenden Reise\" \/>\n<meta name=\"robots\" content=\"index, follow, max-snippet:-1, max-image-preview:large, max-video-preview:-1\" \/>\n<link rel=\"canonical\" href=\"https:\/\/louishotelspro.com\/de\/ueber-uns\/\" \/>\n<meta property=\"og:locale\" content=\"de_DE\" \/>\n<meta property=\"og:type\" content=\"article\" \/>\n<meta property=\"og:title\" content=\"\u00dcber uns - Louis Hotels\" \/>\n<meta property=\"og:description\" content=\"Louis Hotels bietet 5- &amp; 4-Sterne-Hotels auf Zypern und in GriechenlandDie Louis-Gruppe ist eine der f\u00fchrenden Reise\" \/>\n<meta property=\"og:url\" content=\"https:\/\/louishotelspro.com\/de\/ueber-uns\/\" \/>\n<meta property=\"og:site_name\" content=\"Louis Hotels Pro\" \/>\n<meta property=\"article:modified_time\" content=\"2025-10-31T08:10:52+00:00\" \/>\n<meta name=\"twitter:card\" content=\"summary_large_image\" \/>\n<meta name=\"twitter:label1\" content=\"Gesch\u00e4tzte Lesezeit\" \/>\n\t<meta name=\"twitter:data1\" content=\"2\u00a0Minuten\" \/>\n<script type=\"application\/ld+json\" class=\"yoast-schema-graph\">{\"@context\":\"https:\/\/schema.org\",\"@graph\":[{\"@type\":\"WebPage\",\"@id\":\"https:\/\/louishotelspro.com\/de\/ueber-uns\/\",\"url\":\"https:\/\/louishotelspro.com\/de\/ueber-uns\/\",\"name\":\"\u00dcber uns - Louis Hotels\",\"isPartOf\":{\"@id\":\"https:\/\/louishotelspro.com\/#website\"},\"datePublished\":\"2018-09-24T11:59:55+00:00\",\"dateModified\":\"2025-10-31T08:10:52+00:00\",\"description\":\"Louis Hotels bietet 5- & 4-Sterne-Hotels auf Zypern und in GriechenlandDie Louis-Gruppe ist eine der f\u00fchrenden Reise\",\"breadcrumb\":{\"@id\":\"https:\/\/louishotelspro.com\/de\/ueber-uns\/#breadcrumb\"},\"inLanguage\":\"de\",\"potentialAction\":[{\"@type\":\"ReadAction\",\"target\":[\"https:\/\/louishotelspro.com\/de\/ueber-uns\/\"]}]},{\"@type\":\"BreadcrumbList\",\"@id\":\"https:\/\/louishotelspro.com\/de\/ueber-uns\/#breadcrumb\",\"itemListElement\":[{\"@type\":\"ListItem\",\"position\":1,\"name\":\"Home\",\"item\":\"https:\/\/louishotelspro.com\/ru\/\"},{\"@type\":\"ListItem\",\"position\":2,\"name\":\"\u00dcber uns\"}]},{\"@type\":\"WebSite\",\"@id\":\"https:\/\/louishotelspro.com\/#website\",\"url\":\"https:\/\/louishotelspro.com\/\",\"name\":\"Louis Hotels Pro\",\"description\":\"Just another WordPress site\",\"publisher\":{\"@id\":\"https:\/\/louishotelspro.com\/#organization\"},\"potentialAction\":[{\"@type\":\"SearchAction\",\"target\":{\"@type\":\"EntryPoint\",\"urlTemplate\":\"https:\/\/louishotelspro.com\/?s={search_term_string}\"},\"query-input\":{\"@type\":\"PropertyValueSpecification\",\"valueRequired\":true,\"valueName\":\"search_term_string\"}}],\"inLanguage\":\"de\"},{\"@type\":\"Organization\",\"@id\":\"https:\/\/louishotelspro.com\/#organization\",\"name\":\"Louis Hotels\",\"url\":\"https:\/\/louishotelspro.com\/\",\"logo\":{\"@type\":\"ImageObject\",\"inLanguage\":\"de\",\"@id\":\"https:\/\/louishotelspro.com\/#\/schema\/logo\/image\/\",\"url\":\"https:\/\/louishotelspro.com\/wp-content\/uploads\/2018\/04\/logo-w.png\",\"contentUrl\":\"https:\/\/louishotelspro.com\/wp-content\/uploads\/2018\/04\/logo-w.png\",\"width\":380,\"height\":36,\"caption\":\"Louis Hotels\"},\"image\":{\"@id\":\"https:\/\/louishotelspro.com\/#\/schema\/logo\/image\/\"}}]}<\/script>\n<!-- \/ Yoast SEO plugin. -->","yoast_head_json":{"title":"\u00dcber uns - Louis Hotels","description":"Louis Hotels bietet 5- & 4-Sterne-Hotels auf Zypern und in GriechenlandDie Louis-Gruppe ist eine der f\u00fchrenden Reise","robots":{"index":"index","follow":"follow","max-snippet":"max-snippet:-1","max-image-preview":"max-image-preview:large","max-video-preview":"max-video-preview:-1"},"canonical":"https:\/\/louishotelspro.com\/de\/ueber-uns\/","og_locale":"de_DE","og_type":"article","og_title":"\u00dcber uns - Louis Hotels","og_description":"Louis Hotels bietet 5- & 4-Sterne-Hotels auf Zypern und in GriechenlandDie Louis-Gruppe ist eine der f\u00fchrenden Reise","og_url":"https:\/\/louishotelspro.com\/de\/ueber-uns\/","og_site_name":"Louis Hotels Pro","article_modified_time":"2025-10-31T08:10:52+00:00","twitter_card":"summary_large_image","twitter_misc":{"Gesch\u00e4tzte Lesezeit":"2\u00a0Minuten"},"schema":{"@context":"https:\/\/schema.org","@graph":[{"@type":"WebPage","@id":"https:\/\/louishotelspro.com\/de\/ueber-uns\/","url":"https:\/\/louishotelspro.com\/de\/ueber-uns\/","name":"\u00dcber uns - Louis Hotels","isPartOf":{"@id":"https:\/\/louishotelspro.com\/#website"},"datePublished":"2018-09-24T11:59:55+00:00","dateModified":"2025-10-31T08:10:52+00:00","description":"Louis Hotels bietet 5- & 4-Sterne-Hotels auf Zypern und in GriechenlandDie Louis-Gruppe ist eine der f\u00fchrenden Reise","breadcrumb":{"@id":"https:\/\/louishotelspro.com\/de\/ueber-uns\/#breadcrumb"},"inLanguage":"de","potentialAction":[{"@type":"ReadAction","target":["https:\/\/louishotelspro.com\/de\/ueber-uns\/"]}]},{"@type":"BreadcrumbList","@id":"https:\/\/louishotelspro.com\/de\/ueber-uns\/#breadcrumb","itemListElement":[{"@type":"ListItem","position":1,"name":"Home","item":"https:\/\/louishotelspro.com\/ru\/"},{"@type":"ListItem","position":2,"name":"\u00dcber uns"}]},{"@type":"WebSite","@id":"https:\/\/louishotelspro.com\/#website","url":"https:\/\/louishotelspro.com\/","name":"Louis Hotels Pro","description":"Just another WordPress site","publisher":{"@id":"https:\/\/louishotelspro.com\/#organization"},"potentialAction":[{"@type":"SearchAction","target":{"@type":"EntryPoint","urlTemplate":"https:\/\/louishotelspro.com\/?s={search_term_string}"},"query-input":{"@type":"PropertyValueSpecification","valueRequired":true,"valueName":"search_term_string"}}],"inLanguage":"de"},{"@type":"Organization","@id":"https:\/\/louishotelspro.com\/#organization","name":"Louis Hotels","url":"https:\/\/louishotelspro.com\/","logo":{"@type":"ImageObject","inLanguage":"de","@id":"https:\/\/louishotelspro.com\/#\/schema\/logo\/image\/","url":"https:\/\/louishotelspro.com\/wp-content\/uploads\/2018\/04\/logo-w.png","contentUrl":"https:\/\/louishotelspro.com\/wp-content\/uploads\/2018\/04\/logo-w.png","width":380,"height":36,"caption":"Louis Hotels"},"image":{"@id":"https:\/\/louishotelspro.com\/#\/schema\/logo\/image\/"}}]}},"_links":{"self":[{"href":"https:\/\/louishotelspro.com\/de\/wp-json\/wp\/v2\/pages\/567","targetHints":{"allow":["GET"]}}],"collection":[{"href":"https:\/\/louishotelspro.com\/de\/wp-json\/wp\/v2\/pages"}],"about":[{"href":"https:\/\/louishotelspro.com\/de\/wp-json\/wp\/v2\/types\/page"}],"author":[{"embeddable":true,"href":"https:\/\/louishotelspro.com\/de\/wp-json\/wp\/v2\/users\/6"}],"replies":[{"embeddable":true,"href":"https:\/\/louishotelspro.com\/de\/wp-json\/wp\/v2\/comments?post=567"}],"version-history":[{"count":0,"href":"https:\/\/louishotelspro.com\/de\/wp-json\/wp\/v2\/pages\/567\/revisions"}],"wp:attachment":[{"href":"https:\/\/louishotelspro.com\/de\/wp-json\/wp\/v2\/media?parent=567"}],"curies":[{"name":"wp","href":"https:\/\/api.w.org\/{rel}","templated":true}]}}