{"id":422,"date":"2018-08-31T07:27:47","date_gmt":"2018-08-31T07:27:47","guid":{"rendered":"https:\/\/louishotelspro.com\/privacy-policy\/"},"modified":"2023-08-22T16:02:18","modified_gmt":"2023-08-22T13:02:18","slug":"datenschutzerklaerung","status":"publish","type":"page","link":"https:\/\/louishotelspro.com\/de\/datenschutzerklaerung\/","title":{"rendered":"Datenschutzerkl\u00e4rung"},"content":{"rendered":"\t\t<div data-elementor-type=\"wp-post\" data-elementor-id=\"422\" class=\"elementor elementor-422 elementor-308\" data-elementor-post-type=\"page\">\n\t\t\t\t\t\t<section class=\"elementor-section elementor-top-section elementor-element elementor-element-a21237f elementor-section-height-min-height elementor-section-boxed elementor-section-height-default elementor-section-items-middle\" data-id=\"a21237f\" data-element_type=\"section\" data-e-type=\"section\" data-settings=\"{&quot;background_background&quot;:&quot;classic&quot;}\">\n\t\t\t\t\t\t<div class=\"elementor-container elementor-column-gap-default\">\n\t\t\t\t\t<div class=\"elementor-column elementor-col-100 elementor-top-column elementor-element elementor-element-e060a97\" data-id=\"e060a97\" data-element_type=\"column\" data-e-type=\"column\">\n\t\t\t<div class=\"elementor-widget-wrap elementor-element-populated\">\n\t\t\t\t\t\t<div class=\"elementor-element elementor-element-8522a25 elementor-widget elementor-widget-heading\" data-id=\"8522a25\" data-element_type=\"widget\" data-e-type=\"widget\" data-widget_type=\"heading.default\">\n\t\t\t\t<div class=\"elementor-widget-container\">\n\t\t\t\t\t<h1 class=\"elementor-heading-title elementor-size-xl\">DATENSCHUTZERKL\u00c4RUNG<\/h1>\t\t\t\t<\/div>\n\t\t\t\t<\/div>\n\t\t\t\t\t<\/div>\n\t\t<\/div>\n\t\t\t\t\t<\/div>\n\t\t<\/section>\n\t\t\t\t<section class=\"elementor-section elementor-top-section elementor-element elementor-element-fbc60d0 elementor-section-boxed elementor-section-height-default elementor-section-height-default\" data-id=\"fbc60d0\" data-element_type=\"section\" data-e-type=\"section\">\n\t\t\t\t\t\t<div class=\"elementor-container elementor-column-gap-default\">\n\t\t\t\t\t<div class=\"elementor-column elementor-col-66 elementor-top-column elementor-element elementor-element-2bbc154\" data-id=\"2bbc154\" data-element_type=\"column\" data-e-type=\"column\">\n\t\t\t<div class=\"elementor-widget-wrap elementor-element-populated\">\n\t\t\t\t\t\t<div class=\"elementor-element elementor-element-5450c45 elementor-widget elementor-widget-text-editor\" data-id=\"5450c45\" data-element_type=\"widget\" data-e-type=\"widget\" data-widget_type=\"text-editor.default\">\n\t\t\t\t<div class=\"elementor-widget-container\">\n\t\t\t\t\t\t\t\t\t<a href=\"https:\/\/www.iubenda.com\/privacy-policy\/31636114\" class=\"iubenda-black no-brand iubenda-embed iub-body-embed\" title=\"Datenschutzerkl\u00e4rung\">Datenschutzerkl\u00e4rung<\/a> <script type=\"text\/javascript\">(function (w,d) {var loader = function () {var s = d.createElement(\"script\"), tag = d.getElementsByTagName(\"script\")[0]; s.src=\"https:\/\/cdn.iubenda.com\/iubenda.js\"; tag.parentNode.insertBefore(s,tag);}; if(w.addEventListener){w.addEventListener(\"load\", loader, false);}else if(w.attachEvent){w.attachEvent(\"onload\", loader);}else{w.onload = loader;}})(window, document);<\/script>\t\t\t\t\t\t\t\t<\/div>\n\t\t\t\t<\/div>\n\t\t\t\t\t<\/div>\n\t\t<\/div>\n\t\t\t\t<div class=\"elementor-column elementor-col-33 elementor-top-column elementor-element elementor-element-a4bd241\" data-id=\"a4bd241\" data-element_type=\"column\" data-e-type=\"column\">\n\t\t\t<div class=\"elementor-widget-wrap elementor-element-populated\">\n\t\t\t\t\t\t<div class=\"elementor-element elementor-element-6bcd1b2 elementor-widget elementor-widget-text-editor\" data-id=\"6bcd1b2\" data-element_type=\"widget\" data-e-type=\"widget\" data-widget_type=\"text-editor.default\">\n\t\t\t\t<div class=\"elementor-widget-container\">\n\t\t\t\t\t\t\t\t\t<h2>Download our brochure<br><\/h2>\t\t\t\t\t\t\t\t<\/div>\n\t\t\t\t<\/div>\n\t\t\t\t<div class=\"elementor-element elementor-element-d407c67 elementor-widget elementor-widget-image\" data-id=\"d407c67\" data-element_type=\"widget\" data-e-type=\"widget\" data-widget_type=\"image.default\">\n\t\t\t\t<div class=\"elementor-widget-container\">\n\t\t\t\t\t\t\t\t\t\t\t\t\t\t\t\t<a href=\"https:\/\/www.flipsnack.com\/louishotels\/louis-hotels-professional-guide-2023\/full-view.html#\" target=\"_blank\">\n\t\t\t\t\t\t\t<img decoding=\"async\" width=\"150\" height=\"150\" src=\"https:\/\/louishotelspro.com\/wp-content\/uploads\/2022\/11\/Screenshot_1-150x150.jpg\" class=\"attachment-thumbnail size-thumbnail wp-image-4668\" alt=\"\" \/>\t\t\t\t\t\t\t\t<\/a>\n\t\t\t\t\t\t\t\t\t\t\t\t\t\t\t<\/div>\n\t\t\t\t<\/div>\n\t\t\t\t<div class=\"elementor-element elementor-element-f918f8e elementor-widget elementor-widget-text-editor\" data-id=\"f918f8e\" data-element_type=\"widget\" data-e-type=\"widget\" data-widget_type=\"text-editor.default\">\n\t\t\t\t<div class=\"elementor-widget-container\">\n\t\t\t\t\t\t\t\t\t<h2>Unsere Zeitung<\/h2>\t\t\t\t\t\t\t\t<\/div>\n\t\t\t\t<\/div>\n\t\t\t\t<div class=\"elementor-element elementor-element-410feb2 elementor-widget elementor-widget-image\" data-id=\"410feb2\" data-element_type=\"widget\" data-e-type=\"widget\" data-widget_type=\"image.default\">\n\t\t\t\t<div class=\"elementor-widget-container\">\n\t\t\t\t\t\t\t\t\t\t\t\t\t\t\t\t<a href=\"https:\/\/louishotelspro.com\/wp-content\/uploads\/2022\/12\/Louis-Hotels-Newspaper-2022.pdf\" target=\"_blank\">\n\t\t\t\t\t\t\t<img decoding=\"async\" width=\"150\" height=\"150\" src=\"https:\/\/louishotelspro.com\/wp-content\/uploads\/2022\/11\/Screenshot_1-1-150x150.jpg\" class=\"attachment-thumbnail size-thumbnail wp-image-4793\" alt=\"\" \/>\t\t\t\t\t\t\t\t<\/a>\n\t\t\t\t\t\t\t\t\t\t\t\t\t\t\t<\/div>\n\t\t\t\t<\/div>\n\t\t\t\t<div class=\"elementor-element elementor-element-a08c2c8 elementor-widget elementor-widget-text-editor\" data-id=\"a08c2c8\" data-element_type=\"widget\" data-e-type=\"widget\" data-widget_type=\"text-editor.default\">\n\t\t\t\t<div class=\"elementor-widget-container\">\n\t\t\t\t\t\t\t\t\t<h2>Unser Reisef\u00fchrer<\/h2>\t\t\t\t\t\t\t\t<\/div>\n\t\t\t\t<\/div>\n\t\t\t\t<div class=\"elementor-element elementor-element-cb2212c elementor-widget elementor-widget-image\" data-id=\"cb2212c\" data-element_type=\"widget\" data-e-type=\"widget\" data-widget_type=\"image.default\">\n\t\t\t\t<div class=\"elementor-widget-container\">\n\t\t\t\t\t\t\t\t\t\t\t\t\t\t\t\t<a href=\"https:\/\/louishotelspro.com\/wp-content\/uploads\/2023\/08\/Discover-DE_web.pdf\" target=\"_blank\">\n\t\t\t\t\t\t\t<img decoding=\"async\" width=\"150\" height=\"150\" src=\"https:\/\/louishotelspro.com\/wp-content\/uploads\/2022\/09\/Screenshot_2-1-150x150.jpg\" class=\"attachment-thumbnail size-thumbnail wp-image-4438\" alt=\"\" \/>\t\t\t\t\t\t\t\t<\/a>\n\t\t\t\t\t\t\t\t\t\t\t\t\t\t\t<\/div>\n\t\t\t\t<\/div>\n\t\t\t\t<div class=\"elementor-element elementor-element-0167464 elementor-widget elementor-widget-spacer\" data-id=\"0167464\" data-element_type=\"widget\" data-e-type=\"widget\" data-widget_type=\"spacer.default\">\n\t\t\t\t<div class=\"elementor-widget-container\">\n\t\t\t\t\t\t\t<div class=\"elementor-spacer\">\n\t\t\t<div class=\"elementor-spacer-inner\"><\/div>\n\t\t<\/div>\n\t\t\t\t\t\t<\/div>\n\t\t\t\t<\/div>\n\t\t\t\t\t<\/div>\n\t\t<\/div>\n\t\t\t\t\t<\/div>\n\t\t<\/section>\n\t\t\t\t<\/div>\n\t\t","protected":false},"excerpt":{"rendered":"<p>DATENSCHUTZERKL\u00c4RUNG Datenschutzerkl\u00e4rung Download our brochure Unsere Zeitung Unser Reisef\u00fchrer<\/p>\n","protected":false},"author":6,"featured_media":0,"parent":0,"menu_order":0,"comment_status":"closed","ping_status":"closed","template":"","meta":{"_acf_changed":false,"footnotes":""},"class_list":["post-422","page","type-page","status-publish","hentry"],"acf":[],"yoast_head":"<!-- This site is optimized with the Yoast SEO plugin v27.1.1 - https:\/\/yoast.com\/product\/yoast-seo-wordpress\/ -->\n<title>Datenschutzerkl\u00e4rung of louishotelspro.com<\/title>\n<meta name=\"description\" content=\"This privacy statement has been prepared based on provisions of multiple legislations, including Art. 13\/14 of Regulation (EU) 2016\/679 (GDPR).\" \/>\n<meta name=\"robots\" content=\"index, follow, max-snippet:-1, max-image-preview:large, max-video-preview:-1\" \/>\n<link rel=\"canonical\" href=\"https:\/\/louishotelspro.com\/de\/datenschutzerklaerung\/\" \/>\n<meta property=\"og:locale\" content=\"de_DE\" \/>\n<meta property=\"og:type\" content=\"article\" \/>\n<meta property=\"og:title\" content=\"Datenschutzerkl\u00e4rung of louishotelspro.com\" \/>\n<meta property=\"og:description\" content=\"This privacy statement has been prepared based on provisions of multiple legislations, including Art. 13\/14 of Regulation (EU) 2016\/679 (GDPR).\" \/>\n<meta property=\"og:url\" content=\"https:\/\/louishotelspro.com\/de\/datenschutzerklaerung\/\" \/>\n<meta property=\"og:site_name\" content=\"Louis Hotels Pro\" \/>\n<meta property=\"article:modified_time\" content=\"2023-08-22T13:02:18+00:00\" \/>\n<meta property=\"og:image\" content=\"https:\/\/louishotelspro.com\/wp-content\/uploads\/2022\/11\/Screenshot_1-150x150.jpg\" \/>\n<meta name=\"twitter:card\" content=\"summary_large_image\" \/>\n<meta name=\"twitter:label1\" content=\"Gesch\u00e4tzte Lesezeit\" \/>\n\t<meta name=\"twitter:data1\" content=\"1\u00a0Minute\" \/>\n<script type=\"application\/ld+json\" class=\"yoast-schema-graph\">{\"@context\":\"https:\/\/schema.org\",\"@graph\":[{\"@type\":\"WebPage\",\"@id\":\"https:\/\/louishotelspro.com\/de\/datenschutzerklaerung\/\",\"url\":\"https:\/\/louishotelspro.com\/de\/datenschutzerklaerung\/\",\"name\":\"Datenschutzerkl\u00e4rung of louishotelspro.com\",\"isPartOf\":{\"@id\":\"https:\/\/louishotelspro.com\/#website\"},\"primaryImageOfPage\":{\"@id\":\"https:\/\/louishotelspro.com\/de\/datenschutzerklaerung\/#primaryimage\"},\"image\":{\"@id\":\"https:\/\/louishotelspro.com\/de\/datenschutzerklaerung\/#primaryimage\"},\"thumbnailUrl\":\"https:\/\/louishotelspro.com\/wp-content\/uploads\/2022\/11\/Screenshot_1-150x150.jpg\",\"datePublished\":\"2018-08-31T07:27:47+00:00\",\"dateModified\":\"2023-08-22T13:02:18+00:00\",\"description\":\"This privacy statement has been prepared based on provisions of multiple legislations, including Art. 13\/14 of Regulation (EU) 2016\/679 (GDPR).\",\"breadcrumb\":{\"@id\":\"https:\/\/louishotelspro.com\/de\/datenschutzerklaerung\/#breadcrumb\"},\"inLanguage\":\"de\",\"potentialAction\":[{\"@type\":\"ReadAction\",\"target\":[\"https:\/\/louishotelspro.com\/de\/datenschutzerklaerung\/\"]}]},{\"@type\":\"ImageObject\",\"inLanguage\":\"de\",\"@id\":\"https:\/\/louishotelspro.com\/de\/datenschutzerklaerung\/#primaryimage\",\"url\":\"https:\/\/louishotelspro.com\/wp-content\/uploads\/2022\/11\/Screenshot_1-150x150.jpg\",\"contentUrl\":\"https:\/\/louishotelspro.com\/wp-content\/uploads\/2022\/11\/Screenshot_1-150x150.jpg\"},{\"@type\":\"BreadcrumbList\",\"@id\":\"https:\/\/louishotelspro.com\/de\/datenschutzerklaerung\/#breadcrumb\",\"itemListElement\":[{\"@type\":\"ListItem\",\"position\":1,\"name\":\"Home\",\"item\":\"https:\/\/louishotelspro.com\/ru\/\"},{\"@type\":\"ListItem\",\"position\":2,\"name\":\"Datenschutzerkl\u00e4rung\"}]},{\"@type\":\"WebSite\",\"@id\":\"https:\/\/louishotelspro.com\/#website\",\"url\":\"https:\/\/louishotelspro.com\/\",\"name\":\"Louis Hotels Pro\",\"description\":\"Just another WordPress site\",\"publisher\":{\"@id\":\"https:\/\/louishotelspro.com\/#organization\"},\"potentialAction\":[{\"@type\":\"SearchAction\",\"target\":{\"@type\":\"EntryPoint\",\"urlTemplate\":\"https:\/\/louishotelspro.com\/?s={search_term_string}\"},\"query-input\":{\"@type\":\"PropertyValueSpecification\",\"valueRequired\":true,\"valueName\":\"search_term_string\"}}],\"inLanguage\":\"de\"},{\"@type\":\"Organization\",\"@id\":\"https:\/\/louishotelspro.com\/#organization\",\"name\":\"Louis Hotels\",\"url\":\"https:\/\/louishotelspro.com\/\",\"logo\":{\"@type\":\"ImageObject\",\"inLanguage\":\"de\",\"@id\":\"https:\/\/louishotelspro.com\/#\/schema\/logo\/image\/\",\"url\":\"https:\/\/louishotelspro.com\/wp-content\/uploads\/2018\/04\/logo-w.png\",\"contentUrl\":\"https:\/\/louishotelspro.com\/wp-content\/uploads\/2018\/04\/logo-w.png\",\"width\":380,\"height\":36,\"caption\":\"Louis Hotels\"},\"image\":{\"@id\":\"https:\/\/louishotelspro.com\/#\/schema\/logo\/image\/\"}}]}<\/script>\n<!-- \/ Yoast SEO plugin. -->","yoast_head_json":{"title":"Datenschutzerkl\u00e4rung of louishotelspro.com","description":"This privacy statement has been prepared based on provisions of multiple legislations, including Art. 13\/14 of Regulation (EU) 2016\/679 (GDPR).","robots":{"index":"index","follow":"follow","max-snippet":"max-snippet:-1","max-image-preview":"max-image-preview:large","max-video-preview":"max-video-preview:-1"},"canonical":"https:\/\/louishotelspro.com\/de\/datenschutzerklaerung\/","og_locale":"de_DE","og_type":"article","og_title":"Datenschutzerkl\u00e4rung of louishotelspro.com","og_description":"This privacy statement has been prepared based on provisions of multiple legislations, including Art. 13\/14 of Regulation (EU) 2016\/679 (GDPR).","og_url":"https:\/\/louishotelspro.com\/de\/datenschutzerklaerung\/","og_site_name":"Louis Hotels Pro","article_modified_time":"2023-08-22T13:02:18+00:00","og_image":[{"url":"https:\/\/louishotelspro.com\/wp-content\/uploads\/2022\/11\/Screenshot_1-150x150.jpg","type":"","width":"","height":""}],"twitter_card":"summary_large_image","twitter_misc":{"Gesch\u00e4tzte Lesezeit":"1\u00a0Minute"},"schema":{"@context":"https:\/\/schema.org","@graph":[{"@type":"WebPage","@id":"https:\/\/louishotelspro.com\/de\/datenschutzerklaerung\/","url":"https:\/\/louishotelspro.com\/de\/datenschutzerklaerung\/","name":"Datenschutzerkl\u00e4rung of louishotelspro.com","isPartOf":{"@id":"https:\/\/louishotelspro.com\/#website"},"primaryImageOfPage":{"@id":"https:\/\/louishotelspro.com\/de\/datenschutzerklaerung\/#primaryimage"},"image":{"@id":"https:\/\/louishotelspro.com\/de\/datenschutzerklaerung\/#primaryimage"},"thumbnailUrl":"https:\/\/louishotelspro.com\/wp-content\/uploads\/2022\/11\/Screenshot_1-150x150.jpg","datePublished":"2018-08-31T07:27:47+00:00","dateModified":"2023-08-22T13:02:18+00:00","description":"This privacy statement has been prepared based on provisions of multiple legislations, including Art. 13\/14 of Regulation (EU) 2016\/679 (GDPR).","breadcrumb":{"@id":"https:\/\/louishotelspro.com\/de\/datenschutzerklaerung\/#breadcrumb"},"inLanguage":"de","potentialAction":[{"@type":"ReadAction","target":["https:\/\/louishotelspro.com\/de\/datenschutzerklaerung\/"]}]},{"@type":"ImageObject","inLanguage":"de","@id":"https:\/\/louishotelspro.com\/de\/datenschutzerklaerung\/#primaryimage","url":"https:\/\/louishotelspro.com\/wp-content\/uploads\/2022\/11\/Screenshot_1-150x150.jpg","contentUrl":"https:\/\/louishotelspro.com\/wp-content\/uploads\/2022\/11\/Screenshot_1-150x150.jpg"},{"@type":"BreadcrumbList","@id":"https:\/\/louishotelspro.com\/de\/datenschutzerklaerung\/#breadcrumb","itemListElement":[{"@type":"ListItem","position":1,"name":"Home","item":"https:\/\/louishotelspro.com\/ru\/"},{"@type":"ListItem","position":2,"name":"Datenschutzerkl\u00e4rung"}]},{"@type":"WebSite","@id":"https:\/\/louishotelspro.com\/#website","url":"https:\/\/louishotelspro.com\/","name":"Louis Hotels Pro","description":"Just another WordPress site","publisher":{"@id":"https:\/\/louishotelspro.com\/#organization"},"potentialAction":[{"@type":"SearchAction","target":{"@type":"EntryPoint","urlTemplate":"https:\/\/louishotelspro.com\/?s={search_term_string}"},"query-input":{"@type":"PropertyValueSpecification","valueRequired":true,"valueName":"search_term_string"}}],"inLanguage":"de"},{"@type":"Organization","@id":"https:\/\/louishotelspro.com\/#organization","name":"Louis Hotels","url":"https:\/\/louishotelspro.com\/","logo":{"@type":"ImageObject","inLanguage":"de","@id":"https:\/\/louishotelspro.com\/#\/schema\/logo\/image\/","url":"https:\/\/louishotelspro.com\/wp-content\/uploads\/2018\/04\/logo-w.png","contentUrl":"https:\/\/louishotelspro.com\/wp-content\/uploads\/2018\/04\/logo-w.png","width":380,"height":36,"caption":"Louis Hotels"},"image":{"@id":"https:\/\/louishotelspro.com\/#\/schema\/logo\/image\/"}}]}},"_links":{"self":[{"href":"https:\/\/louishotelspro.com\/de\/wp-json\/wp\/v2\/pages\/422","targetHints":{"allow":["GET"]}}],"collection":[{"href":"https:\/\/louishotelspro.com\/de\/wp-json\/wp\/v2\/pages"}],"about":[{"href":"https:\/\/louishotelspro.com\/de\/wp-json\/wp\/v2\/types\/page"}],"author":[{"embeddable":true,"href":"https:\/\/louishotelspro.com\/de\/wp-json\/wp\/v2\/users\/6"}],"replies":[{"embeddable":true,"href":"https:\/\/louishotelspro.com\/de\/wp-json\/wp\/v2\/comments?post=422"}],"version-history":[{"count":0,"href":"https:\/\/louishotelspro.com\/de\/wp-json\/wp\/v2\/pages\/422\/revisions"}],"wp:attachment":[{"href":"https:\/\/louishotelspro.com\/de\/wp-json\/wp\/v2\/media?parent=422"}],"curies":[{"name":"wp","href":"https:\/\/api.w.org\/{rel}","templated":true}]}}