{"id":2410,"date":"2021-06-02T12:14:20","date_gmt":"2021-06-02T12:14:20","guid":{"rendered":"https:\/\/louishotelspro.com\/general-info\/"},"modified":"2026-01-23T10:43:24","modified_gmt":"2026-01-23T08:43:24","slug":"general-info","status":"publish","type":"page","link":"https:\/\/louishotelspro.com\/de\/general-info\/","title":{"rendered":"General info"},"content":{"rendered":"\t\t<div data-elementor-type=\"wp-page\" data-elementor-id=\"2410\" class=\"elementor elementor-2410 elementor-2032\" data-elementor-post-type=\"page\">\n\t\t\t\t\t\t<section class=\"elementor-section elementor-top-section elementor-element elementor-element-c8bc99e elementor-section-height-min-height elementor-section-boxed elementor-section-height-default elementor-section-items-middle\" data-id=\"c8bc99e\" data-element_type=\"section\" data-e-type=\"section\" data-settings=\"{&quot;background_background&quot;:&quot;classic&quot;}\">\n\t\t\t\t\t\t<div class=\"elementor-container elementor-column-gap-default\">\n\t\t\t\t\t<div class=\"elementor-column elementor-col-100 elementor-top-column elementor-element elementor-element-0b2988d\" data-id=\"0b2988d\" data-element_type=\"column\" data-e-type=\"column\">\n\t\t\t<div class=\"elementor-widget-wrap elementor-element-populated\">\n\t\t\t\t\t\t<div class=\"elementor-element elementor-element-4b36491 elementor-widget elementor-widget-heading\" data-id=\"4b36491\" data-element_type=\"widget\" data-e-type=\"widget\" data-widget_type=\"heading.default\">\n\t\t\t\t<div class=\"elementor-widget-container\">\n\t\t\t\t\t<span class=\"elementor-heading-title elementor-size-default\">25H<sup>O<\/sup> 6D<sup>O<\/sup> 3C<sup>O<\/sup> 1L<sup>O<\/sup><\/span>\t\t\t\t<\/div>\n\t\t\t\t<\/div>\n\t\t\t\t<div class=\"elementor-element elementor-element-1eb0e2b elementor-widget__width-auto elementor-widget elementor-widget-heading\" data-id=\"1eb0e2b\" data-element_type=\"widget\" data-e-type=\"widget\" data-widget_type=\"heading.default\">\n\t\t\t\t<div class=\"elementor-widget-container\">\n\t\t\t\t\t<h1 class=\"elementor-heading-title elementor-size-default\">your&nbsp;<\/h1>\t\t\t\t<\/div>\n\t\t\t\t<\/div>\n\t\t\t\t<div class=\"elementor-element elementor-element-93503d8 elementor-widget__width-auto elementor-widget elementor-widget-heading\" data-id=\"93503d8\" data-element_type=\"widget\" data-e-type=\"widget\" data-widget_type=\"heading.default\">\n\t\t\t\t<div class=\"elementor-widget-container\">\n\t\t\t\t\t<h1 class=\"elementor-heading-title elementor-size-default\">INCENTIVE PROGRAM<\/h1>\t\t\t\t<\/div>\n\t\t\t\t<\/div>\n\t\t\t\t\t<\/div>\n\t\t<\/div>\n\t\t\t\t\t<\/div>\n\t\t<\/section>\n\t\t\t\t<section class=\"elementor-section elementor-top-section elementor-element elementor-element-04a6aef elementor-section-boxed elementor-section-height-default elementor-section-height-default\" data-id=\"04a6aef\" data-element_type=\"section\" data-e-type=\"section\">\n\t\t\t\t\t\t<div class=\"elementor-container elementor-column-gap-default\">\n\t\t\t\t\t<div class=\"elementor-column elementor-col-16 elementor-top-column elementor-element elementor-element-96dcd6f elementor-hidden-mobile\" data-id=\"96dcd6f\" data-element_type=\"column\" data-e-type=\"column\">\n\t\t\t<div class=\"elementor-widget-wrap\">\n\t\t\t\t\t\t\t<\/div>\n\t\t<\/div>\n\t\t\t\t<div class=\"elementor-column elementor-col-66 elementor-top-column elementor-element elementor-element-5dd14f9\" data-id=\"5dd14f9\" data-element_type=\"column\" data-e-type=\"column\">\n\t\t\t<div class=\"elementor-widget-wrap elementor-element-populated\">\n\t\t\t\t\t\t<div class=\"elementor-element elementor-element-0e70a7a elementor-align-center elementor-mobile-align-center elementor-widget__width-auto elementor-widget-mobile__width-auto elementor-widget elementor-widget-button\" data-id=\"0e70a7a\" data-element_type=\"widget\" data-e-type=\"widget\" data-widget_type=\"button.default\">\n\t\t\t\t<div class=\"elementor-widget-container\">\n\t\t\t\t\t\t\t\t\t<div class=\"elementor-button-wrapper\">\n\t\t\t\t\t<a class=\"elementor-button elementor-button-link elementor-size-sm\" href=\"https:\/\/louishotelspro.com\/login-register\/\">\n\t\t\t\t\t\t<span class=\"elementor-button-content-wrapper\">\n\t\t\t\t\t\t\t\t\t<span class=\"elementor-button-text\">REGISTER<\/span>\n\t\t\t\t\t<\/span>\n\t\t\t\t\t<\/a>\n\t\t\t\t<\/div>\n\t\t\t\t\t\t\t\t<\/div>\n\t\t\t\t<\/div>\n\t\t\t\t<div class=\"elementor-element elementor-element-54fe18e elementor-align-center elementor-mobile-align-center elementor-widget__width-auto elementor-widget-mobile__width-auto elementor-widget elementor-widget-button\" data-id=\"54fe18e\" data-element_type=\"widget\" data-e-type=\"widget\" data-widget_type=\"button.default\">\n\t\t\t\t<div class=\"elementor-widget-container\">\n\t\t\t\t\t\t\t\t\t<div class=\"elementor-button-wrapper\">\n\t\t\t\t\t<a class=\"elementor-button elementor-button-link elementor-size-sm\" href=\"https:\/\/louishotelspro.com\/login-register\/\">\n\t\t\t\t\t\t<span class=\"elementor-button-content-wrapper\">\n\t\t\t\t\t\t\t\t\t<span class=\"elementor-button-text\">LOGIN<\/span>\n\t\t\t\t\t<\/span>\n\t\t\t\t\t<\/a>\n\t\t\t\t<\/div>\n\t\t\t\t\t\t\t\t<\/div>\n\t\t\t\t<\/div>\n\t\t\t\t<div class=\"elementor-element elementor-element-8449beb elementor-widget elementor-widget-spacer\" data-id=\"8449beb\" data-element_type=\"widget\" data-e-type=\"widget\" data-widget_type=\"spacer.default\">\n\t\t\t\t<div class=\"elementor-widget-container\">\n\t\t\t\t\t\t\t<div class=\"elementor-spacer\">\n\t\t\t<div class=\"elementor-spacer-inner\"><\/div>\n\t\t<\/div>\n\t\t\t\t\t\t<\/div>\n\t\t\t\t<\/div>\n\t\t\t\t<div class=\"elementor-element elementor-element-05cb839 elementor-widget elementor-widget-heading\" data-id=\"05cb839\" data-element_type=\"widget\" data-e-type=\"widget\" data-widget_type=\"heading.default\">\n\t\t\t\t<div class=\"elementor-widget-container\">\n\t\t\t\t\t<h2 class=\"elementor-heading-title elementor-size-default\">GRATIS URLAUB NUR F\u00dcR SIE<\/h2>\t\t\t\t<\/div>\n\t\t\t\t<\/div>\n\t\t\t\t<div class=\"elementor-element elementor-element-a532e4a elementor-widget elementor-widget-text-editor\" data-id=\"a532e4a\" data-element_type=\"widget\" data-e-type=\"widget\" data-widget_type=\"text-editor.default\">\n\t\t\t\t<div class=\"elementor-widget-container\">\n\t\t\t\t\t\t\t\t\t<p data-start=\"60\" data-end=\"325\"><strong data-start=\"60\" data-end=\"116\">Je mehr Buchungen, desto mehr GRATIS-N\u00e4chte f\u00fcr Sie!<\/strong><\/p>\n<p data-start=\"60\" data-end=\"325\"><br data-start=\"116\" data-end=\"119\">F\u00fcr jede Buchung von mindestens 5 N\u00e4chten in einem der unten aufgef\u00fchrten Louis Hotels auf Zypern oder in Griechenland erhalten Sie 1 Nacht GRATIS f\u00fcr 2 Personen in einem Louis Hotel Ihrer Wahl auf Zypern*!<\/p>\n<p data-start=\"327\" data-end=\"357\"><strong data-start=\"327\" data-end=\"357\">Teilnehmende Louis Hotels:<\/strong><\/p>\n<p data-start=\"359\" data-end=\"535\"><strong data-start=\"359\" data-end=\"378\">Paphos, Zypern:<\/strong><br data-start=\"378\" data-end=\"381\">\u2022 Louis Phaethon Beach<br data-start=\"403\" data-end=\"406\">\u2022 Imperial Island Resort<br data-start=\"430\" data-end=\"433\">\u2022 Louis Ledra Beach<br data-start=\"452\" data-end=\"455\">\u2022 Louis Paphos Breeze<br data-start=\"476\" data-end=\"479\">\u2022 Cali Resort &amp; Spa<br data-start=\"498\" data-end=\"501\">\u2022 Ivi Mare<br data-start=\"511\" data-end=\"514\">\u2022 King Jason Paphos<\/p>\n<p data-start=\"537\" data-end=\"580\"><strong data-start=\"537\" data-end=\"558\">Limassol, Zypern:<\/strong><br data-start=\"558\" data-end=\"561\">\u2022 Royal Apollonia<\/p>\n<p data-start=\"582\" data-end=\"795\"><strong data-start=\"582\" data-end=\"603\">Protaras, Zypern:<\/strong><br data-start=\"603\" data-end=\"606\">\u2022 Louis St Elias Resort &amp; Waterpark<br data-start=\"641\" data-end=\"644\">\u2022 Louis Althea Beach<br data-start=\"664\" data-end=\"667\">\u2022 Althea Kalamies Luxury Villas<br data-start=\"698\" data-end=\"701\">\u2022 Chris Le Mare Luxury Villa<br data-start=\"729\" data-end=\"732\">\u2022 Chris Le Mare Gold Luxury Villa<br data-start=\"765\" data-end=\"768\">\u2022 Lora Pearl Luxury Villa<\/p>\n<p data-start=\"797\" data-end=\"843\"><strong data-start=\"797\" data-end=\"815\">Kreta, Chania:<\/strong><br data-start=\"815\" data-end=\"818\">\u2022 Asterion Suites &amp; Spa<\/p>\n<p data-start=\"845\" data-end=\"901\"><strong data-start=\"845\" data-end=\"857\">Mykonos:<\/strong><br data-start=\"857\" data-end=\"860\">\u2022 Mykonos Theoxenia<br data-start=\"879\" data-end=\"882\">\u2022 Once in Mykonos<\/p>\n<p data-start=\"903\" data-end=\"940\"><strong data-start=\"903\" data-end=\"917\">Zakynthos:<\/strong><br data-start=\"917\" data-end=\"920\">\u2022 King Jason Zante<\/p>\n<p data-start=\"942\" data-end=\"1000\"><strong data-start=\"942\" data-end=\"952\">Korfu:<\/strong><br data-start=\"952\" data-end=\"955\">\u2022 Kerkyra Blue Hotel &amp; Spa<br data-start=\"981\" data-end=\"984\">\u2022 Valmar Corfu<\/p>\n<hr data-start=\"1002\" data-end=\"1005\">\n<p data-start=\"1007\" data-end=\"1037\"><strong data-start=\"1007\" data-end=\"1037\">WIR VERDOPPELN DIE PUNKTE!<\/strong><\/p>\n<p data-start=\"1039\" data-end=\"1236\">F\u00fcr jede Buchung von mindestens 5 N\u00e4chten im Winter 25\/26 auf Zypern und im Sommer 26 auf Zypern oder in Griechenland in einem der folgenden 5*-Louis Hotels erhalten Sie 2 N\u00e4chte gratis f\u00fcr sich:<\/p>\n<p data-start=\"1238\" data-end=\"1538\">\u2022 Royal Apollonia, Limassol<br data-start=\"1265\" data-end=\"1268\">\u2022 Cali Resort &amp; Spa, Paphos<br data-start=\"1295\" data-end=\"1298\">\u2022 Imperial Island Resort, Paphos (<span style=\"color: #e14d43;\">Er\u00f6ffnung Mai 2026<\/span>)<br data-start=\"1351\" data-end=\"1354\">\u2022 King Jason Zante, Zakynthos (<span style=\"color: #e14d43;\">f\u00fcr Buchungen im Mai, Juli und Oktober<\/span>)<br data-start=\"1424\" data-end=\"1427\">\u2022 Asterion Suites &amp; Spa, Chania, Kreta (<span style=\"color: #e14d43;\">f\u00fcr Buchungen im Mai, Juli, August und Oktober<\/span>)<br data-start=\"1514\" data-end=\"1517\">\u2022 Mykonos Theoxenia<\/p>\n<hr data-start=\"1540\" data-end=\"1543\">\n<p data-start=\"1545\" data-end=\"1810\"><strong>*HOLEN SIE IHRE GRATIS-N\u00c4CHTE in folgenden Louis Hotels auf Zypern:<\/strong><\/p>\n<p data-start=\"1545\" data-end=\"1810\"><br data-start=\"1612\" data-end=\"1615\">Limassol: Royal Apollonia<br data-start=\"1640\" data-end=\"1643\">Paphos: Louis Phaethon Beach, Imperial Island Resort, Louis Ledra Beach, Louis Paphos Breeze, Cali Resort &amp; Spa<br data-start=\"1754\" data-end=\"1757\">Protaras: Louis St Elias Resort, Louis Althea Beach<\/p>\n<hr data-start=\"1812\" data-end=\"1815\">\n<p data-start=\"1817\" data-end=\"2489\"><strong data-start=\"1817\" data-end=\"1853\">Allgemeine Gesch\u00e4ftsbedingungen:<\/strong><\/p>\n<p data-start=\"1817\" data-end=\"2489\"><br data-start=\"1853\" data-end=\"1856\">\u2022 Garantierte Preise.<br data-start=\"1877\" data-end=\"1880\">\u2022 Ihre Buchungen unterliegen der Verf\u00fcgbarkeit.<br data-start=\"1927\" data-end=\"1930\">\u2022 Preise sind nicht erstattungsf\u00e4hig und nicht \u00fcbertragbar.<br data-start=\"1989\" data-end=\"1992\">\u2022 Das Incentive-Programm gilt f\u00fcr best\u00e4tigte Buchungen mit Aufenthalten vom 01.11.2025 bis 31.10.2026.<br data-start=\"2094\" data-end=\"2097\">\u2022 Die maximale Anzahl der eingel\u00f6sten Gratisn\u00e4chte pro Aufenthalt betr\u00e4gt 5.&nbsp; &nbsp; &nbsp; &nbsp; &nbsp; &nbsp; &nbsp; &nbsp; &nbsp; &nbsp; &nbsp; &nbsp; &nbsp; &nbsp; &nbsp; &nbsp; &nbsp; &nbsp; &nbsp; &nbsp; &nbsp; &nbsp; &nbsp; &nbsp; \u2022 Die Aufenthalte k\u00f6nnen in den Monaten Juli, August und September nicht eingel\u00f6st werden.&nbsp; &nbsp; &nbsp; &nbsp; &nbsp; &nbsp; &nbsp; &nbsp; &nbsp; &nbsp; &nbsp; \u2022 Die Gratisn\u00e4chte gelten nur f\u00fcr realisierte Buchungen.<br data-start=\"2232\" data-end=\"2235\">\u2022 Die Gratisn\u00e4chte sind im Arrangement \u201e\u00dcbernachtung mit Fr\u00fchst\u00fcck\u201c und k\u00f6nnen bis zum 30.04.2027 eingel\u00f6st werden.<br data-start=\"2350\" data-end=\"2353\">\u2022 Die Einl\u00f6sung der Gratisn\u00e4chte gilt nur f\u00fcr FIT (Einzelbuchungen) und unterliegt der Verf\u00fcgbarkeit.<\/p>\t\t\t\t\t\t\t\t<\/div>\n\t\t\t\t<\/div>\n\t\t\t\t\t<\/div>\n\t\t<\/div>\n\t\t\t\t<div class=\"elementor-column elementor-col-16 elementor-top-column elementor-element elementor-element-67f85a0 elementor-hidden-mobile\" data-id=\"67f85a0\" data-element_type=\"column\" data-e-type=\"column\">\n\t\t\t<div class=\"elementor-widget-wrap\">\n\t\t\t\t\t\t\t<\/div>\n\t\t<\/div>\n\t\t\t\t\t<\/div>\n\t\t<\/section>\n\t\t\t\t<\/div>\n\t\t","protected":false},"excerpt":{"rendered":"<p>25HO 6DO 3CO 1LO your&nbsp; INCENTIVE PROGRAM REGISTER LOGIN GRATIS URLAUB NUR F\u00dcR SIE Je mehr Buchungen, desto mehr GRATIS-N\u00e4chte f\u00fcr Sie! F\u00fcr jede Buchung von mindestens 5 N\u00e4chten in einem der unten aufgef\u00fchrten Louis Hotels auf Zypern oder in Griechenland erhalten Sie 1 Nacht GRATIS f\u00fcr 2 Personen in einem Louis Hotel Ihrer Wahl [&hellip;]<\/p>\n","protected":false},"author":6,"featured_media":0,"parent":0,"menu_order":0,"comment_status":"closed","ping_status":"closed","template":"","meta":{"_acf_changed":false,"footnotes":""},"class_list":["post-2410","page","type-page","status-publish","hentry"],"acf":[],"yoast_head":"<!-- This site is optimized with the Yoast SEO plugin v27.1.1 - https:\/\/yoast.com\/product\/yoast-seo-wordpress\/ -->\n<title>General info -<\/title>\n<meta name=\"robots\" content=\"index, follow, max-snippet:-1, max-image-preview:large, max-video-preview:-1\" \/>\n<link rel=\"canonical\" href=\"https:\/\/louishotelspro.com\/de\/general-info\/\" \/>\n<meta property=\"og:locale\" content=\"de_DE\" \/>\n<meta property=\"og:type\" content=\"article\" \/>\n<meta property=\"og:title\" content=\"General info -\" \/>\n<meta property=\"og:description\" content=\"25HO 6DO 3CO 1LO your&nbsp; INCENTIVE PROGRAM REGISTER LOGIN GRATIS URLAUB NUR F\u00dcR SIE Je mehr Buchungen, desto mehr GRATIS-N\u00e4chte f\u00fcr Sie! F\u00fcr jede Buchung von mindestens 5 N\u00e4chten in einem der unten aufgef\u00fchrten Louis Hotels auf Zypern oder in Griechenland erhalten Sie 1 Nacht GRATIS f\u00fcr 2 Personen in einem Louis Hotel Ihrer Wahl [&hellip;]\" \/>\n<meta property=\"og:url\" content=\"https:\/\/louishotelspro.com\/de\/general-info\/\" \/>\n<meta property=\"og:site_name\" content=\"Louis Hotels Pro\" \/>\n<meta property=\"article:modified_time\" content=\"2026-01-23T08:43:24+00:00\" \/>\n<meta name=\"twitter:card\" content=\"summary_large_image\" \/>\n<meta name=\"twitter:label1\" content=\"Gesch\u00e4tzte Lesezeit\" \/>\n\t<meta name=\"twitter:data1\" content=\"3\u00a0Minuten\" \/>\n<script type=\"application\/ld+json\" class=\"yoast-schema-graph\">{\"@context\":\"https:\/\/schema.org\",\"@graph\":[{\"@type\":\"WebPage\",\"@id\":\"https:\/\/louishotelspro.com\/de\/general-info\/\",\"url\":\"https:\/\/louishotelspro.com\/de\/general-info\/\",\"name\":\"General info -\",\"isPartOf\":{\"@id\":\"https:\/\/louishotelspro.com\/#website\"},\"datePublished\":\"2021-06-02T12:14:20+00:00\",\"dateModified\":\"2026-01-23T08:43:24+00:00\",\"breadcrumb\":{\"@id\":\"https:\/\/louishotelspro.com\/de\/general-info\/#breadcrumb\"},\"inLanguage\":\"de\",\"potentialAction\":[{\"@type\":\"ReadAction\",\"target\":[\"https:\/\/louishotelspro.com\/de\/general-info\/\"]}]},{\"@type\":\"BreadcrumbList\",\"@id\":\"https:\/\/louishotelspro.com\/de\/general-info\/#breadcrumb\",\"itemListElement\":[{\"@type\":\"ListItem\",\"position\":1,\"name\":\"Home\",\"item\":\"https:\/\/louishotelspro.com\/ru\/\"},{\"@type\":\"ListItem\",\"position\":2,\"name\":\"General info\"}]},{\"@type\":\"WebSite\",\"@id\":\"https:\/\/louishotelspro.com\/#website\",\"url\":\"https:\/\/louishotelspro.com\/\",\"name\":\"Louis Hotels Pro\",\"description\":\"Just another WordPress site\",\"publisher\":{\"@id\":\"https:\/\/louishotelspro.com\/#organization\"},\"potentialAction\":[{\"@type\":\"SearchAction\",\"target\":{\"@type\":\"EntryPoint\",\"urlTemplate\":\"https:\/\/louishotelspro.com\/?s={search_term_string}\"},\"query-input\":{\"@type\":\"PropertyValueSpecification\",\"valueRequired\":true,\"valueName\":\"search_term_string\"}}],\"inLanguage\":\"de\"},{\"@type\":\"Organization\",\"@id\":\"https:\/\/louishotelspro.com\/#organization\",\"name\":\"Louis Hotels\",\"url\":\"https:\/\/louishotelspro.com\/\",\"logo\":{\"@type\":\"ImageObject\",\"inLanguage\":\"de\",\"@id\":\"https:\/\/louishotelspro.com\/#\/schema\/logo\/image\/\",\"url\":\"https:\/\/louishotelspro.com\/wp-content\/uploads\/2018\/04\/logo-w.png\",\"contentUrl\":\"https:\/\/louishotelspro.com\/wp-content\/uploads\/2018\/04\/logo-w.png\",\"width\":380,\"height\":36,\"caption\":\"Louis Hotels\"},\"image\":{\"@id\":\"https:\/\/louishotelspro.com\/#\/schema\/logo\/image\/\"}}]}<\/script>\n<!-- \/ Yoast SEO plugin. -->","yoast_head_json":{"title":"General info -","robots":{"index":"index","follow":"follow","max-snippet":"max-snippet:-1","max-image-preview":"max-image-preview:large","max-video-preview":"max-video-preview:-1"},"canonical":"https:\/\/louishotelspro.com\/de\/general-info\/","og_locale":"de_DE","og_type":"article","og_title":"General info -","og_description":"25HO 6DO 3CO 1LO your&nbsp; INCENTIVE PROGRAM REGISTER LOGIN GRATIS URLAUB NUR F\u00dcR SIE Je mehr Buchungen, desto mehr GRATIS-N\u00e4chte f\u00fcr Sie! F\u00fcr jede Buchung von mindestens 5 N\u00e4chten in einem der unten aufgef\u00fchrten Louis Hotels auf Zypern oder in Griechenland erhalten Sie 1 Nacht GRATIS f\u00fcr 2 Personen in einem Louis Hotel Ihrer Wahl [&hellip;]","og_url":"https:\/\/louishotelspro.com\/de\/general-info\/","og_site_name":"Louis Hotels Pro","article_modified_time":"2026-01-23T08:43:24+00:00","twitter_card":"summary_large_image","twitter_misc":{"Gesch\u00e4tzte Lesezeit":"3\u00a0Minuten"},"schema":{"@context":"https:\/\/schema.org","@graph":[{"@type":"WebPage","@id":"https:\/\/louishotelspro.com\/de\/general-info\/","url":"https:\/\/louishotelspro.com\/de\/general-info\/","name":"General info -","isPartOf":{"@id":"https:\/\/louishotelspro.com\/#website"},"datePublished":"2021-06-02T12:14:20+00:00","dateModified":"2026-01-23T08:43:24+00:00","breadcrumb":{"@id":"https:\/\/louishotelspro.com\/de\/general-info\/#breadcrumb"},"inLanguage":"de","potentialAction":[{"@type":"ReadAction","target":["https:\/\/louishotelspro.com\/de\/general-info\/"]}]},{"@type":"BreadcrumbList","@id":"https:\/\/louishotelspro.com\/de\/general-info\/#breadcrumb","itemListElement":[{"@type":"ListItem","position":1,"name":"Home","item":"https:\/\/louishotelspro.com\/ru\/"},{"@type":"ListItem","position":2,"name":"General info"}]},{"@type":"WebSite","@id":"https:\/\/louishotelspro.com\/#website","url":"https:\/\/louishotelspro.com\/","name":"Louis Hotels Pro","description":"Just another WordPress site","publisher":{"@id":"https:\/\/louishotelspro.com\/#organization"},"potentialAction":[{"@type":"SearchAction","target":{"@type":"EntryPoint","urlTemplate":"https:\/\/louishotelspro.com\/?s={search_term_string}"},"query-input":{"@type":"PropertyValueSpecification","valueRequired":true,"valueName":"search_term_string"}}],"inLanguage":"de"},{"@type":"Organization","@id":"https:\/\/louishotelspro.com\/#organization","name":"Louis Hotels","url":"https:\/\/louishotelspro.com\/","logo":{"@type":"ImageObject","inLanguage":"de","@id":"https:\/\/louishotelspro.com\/#\/schema\/logo\/image\/","url":"https:\/\/louishotelspro.com\/wp-content\/uploads\/2018\/04\/logo-w.png","contentUrl":"https:\/\/louishotelspro.com\/wp-content\/uploads\/2018\/04\/logo-w.png","width":380,"height":36,"caption":"Louis Hotels"},"image":{"@id":"https:\/\/louishotelspro.com\/#\/schema\/logo\/image\/"}}]}},"_links":{"self":[{"href":"https:\/\/louishotelspro.com\/de\/wp-json\/wp\/v2\/pages\/2410","targetHints":{"allow":["GET"]}}],"collection":[{"href":"https:\/\/louishotelspro.com\/de\/wp-json\/wp\/v2\/pages"}],"about":[{"href":"https:\/\/louishotelspro.com\/de\/wp-json\/wp\/v2\/types\/page"}],"author":[{"embeddable":true,"href":"https:\/\/louishotelspro.com\/de\/wp-json\/wp\/v2\/users\/6"}],"replies":[{"embeddable":true,"href":"https:\/\/louishotelspro.com\/de\/wp-json\/wp\/v2\/comments?post=2410"}],"version-history":[{"count":0,"href":"https:\/\/louishotelspro.com\/de\/wp-json\/wp\/v2\/pages\/2410\/revisions"}],"wp:attachment":[{"href":"https:\/\/louishotelspro.com\/de\/wp-json\/wp\/v2\/media?parent=2410"}],"curies":[{"name":"wp","href":"https:\/\/api.w.org\/{rel}","templated":true}]}}