{"id":15763,"date":"2024-11-03T19:39:43","date_gmt":"2024-11-03T17:39:43","guid":{"rendered":"https:\/\/louishotelspro.com\/destinations\/zante\/"},"modified":"2024-11-05T08:54:10","modified_gmt":"2024-11-05T06:54:10","slug":"zante","status":"publish","type":"page","link":"https:\/\/louishotelspro.com\/de\/destinations\/zante\/","title":{"rendered":"Zakynthos"},"content":{"rendered":"\t\t<div data-elementor-type=\"wp-post\" data-elementor-id=\"15763\" class=\"elementor elementor-15763 elementor-15626\" data-elementor-post-type=\"page\">\n\t\t\t\t\t\t<section class=\"elementor-section elementor-top-section elementor-element elementor-element-2c67051 elementor-section-height-min-height elementor-section-boxed elementor-section-height-default elementor-section-items-middle\" data-id=\"2c67051\" data-element_type=\"section\" data-e-type=\"section\" data-settings=\"{&quot;background_background&quot;:&quot;classic&quot;}\">\n\t\t\t\t\t\t<div class=\"elementor-container elementor-column-gap-default\">\n\t\t\t\t\t<div class=\"elementor-column elementor-col-100 elementor-top-column elementor-element elementor-element-f1de85d\" data-id=\"f1de85d\" data-element_type=\"column\" data-e-type=\"column\">\n\t\t\t<div class=\"elementor-widget-wrap elementor-element-populated\">\n\t\t\t\t\t\t<div class=\"elementor-element elementor-element-6b355d6 elementor-widget elementor-widget-heading\" data-id=\"6b355d6\" data-element_type=\"widget\" data-e-type=\"widget\" data-widget_type=\"heading.default\">\n\t\t\t\t<div class=\"elementor-widget-container\">\n\t\t\t\t\t<span class=\"elementor-heading-title elementor-size-default\">26H<sup>O<\/sup> 7D<sup>O<\/sup>  4C<sup>O<\/sup> 1L<sup>O<\/sup><\/span>\t\t\t\t<\/div>\n\t\t\t\t<\/div>\n\t\t\t\t\t<\/div>\n\t\t<\/div>\n\t\t\t\t\t<\/div>\n\t\t<\/section>\n\t\t\t\t<section class=\"elementor-section elementor-top-section elementor-element elementor-element-7133a92 elementor-section-boxed elementor-section-height-default elementor-section-height-default\" data-id=\"7133a92\" data-element_type=\"section\" data-e-type=\"section\">\n\t\t\t\t\t\t<div class=\"elementor-container elementor-column-gap-default\">\n\t\t\t\t\t<div class=\"elementor-column elementor-col-16 elementor-top-column elementor-element elementor-element-0fac0c8 elementor-hidden-mobile\" data-id=\"0fac0c8\" data-element_type=\"column\" data-e-type=\"column\">\n\t\t\t<div class=\"elementor-widget-wrap\">\n\t\t\t\t\t\t\t<\/div>\n\t\t<\/div>\n\t\t\t\t<div class=\"elementor-column elementor-col-66 elementor-top-column elementor-element elementor-element-1dfd7cc\" data-id=\"1dfd7cc\" data-element_type=\"column\" data-e-type=\"column\">\n\t\t\t<div class=\"elementor-widget-wrap elementor-element-populated\">\n\t\t\t\t\t\t<div class=\"elementor-element elementor-element-7535830 elementor-widget elementor-widget-image\" data-id=\"7535830\" data-element_type=\"widget\" data-e-type=\"widget\" data-widget_type=\"image.default\">\n\t\t\t\t<div class=\"elementor-widget-container\">\n\t\t\t\t\t\t\t\t\t\t\t\t\t\t\t<img fetchpriority=\"high\" decoding=\"async\" width=\"1024\" height=\"120\" src=\"https:\/\/louishotelspro.com\/wp-content\/uploads\/2024\/11\/zante-coordinates.png\" class=\"attachment-full size-full wp-image-15712\" alt=\"zante\" srcset=\"https:\/\/louishotelspro.com\/wp-content\/uploads\/2024\/11\/zante-coordinates.png 1024w, https:\/\/louishotelspro.com\/wp-content\/uploads\/2024\/11\/zante-coordinates-300x35.png 300w, https:\/\/louishotelspro.com\/wp-content\/uploads\/2024\/11\/zante-coordinates-768x90.png 768w\" sizes=\"(max-width: 1024px) 100vw, 1024px\" \/>\t\t\t\t\t\t\t\t\t\t\t\t\t\t\t<\/div>\n\t\t\t\t<\/div>\n\t\t\t\t<div class=\"elementor-element elementor-element-c14915a elementor-widget elementor-widget-heading\" data-id=\"c14915a\" data-element_type=\"widget\" data-e-type=\"widget\" data-widget_type=\"heading.default\">\n\t\t\t\t<div class=\"elementor-widget-container\">\n\t\t\t\t\t<h2 class=\"elementor-heading-title elementor-size-default\">DIE KRAFT UND HERRLICHKEIT DER NATUR. ZANTE - ZAKYNTHOS. DIE BLUME DES OSTENS<\/h2>\t\t\t\t<\/div>\n\t\t\t\t<\/div>\n\t\t\t\t<div class=\"elementor-element elementor-element-739a7bd elementor-widget elementor-widget-text-editor\" data-id=\"739a7bd\" data-element_type=\"widget\" data-e-type=\"widget\" data-widget_type=\"text-editor.default\">\n\t\t\t\t<div class=\"elementor-widget-container\">\n\t\t\t\t\t\t\t\t\t<p>Ein bet\u00f6render Duft, ein Kaleidoskop aus \u00fcppigem Gr\u00fcn, saphirblauem Meer und puderwei\u00dfen K\u00fcstenlinien. Ber\u00fchmte Str\u00e4nde mit gestrandeten Schiffswracks. Unechte Karettschildkr\u00f6ten suchen Schutz. Meeresschutzgebiete bewahren die Artenvielfalt. Biobauernh\u00f6fe, Weing\u00fcter und kulinarische Gen\u00fcsse mit unwiderstehlichen Aromen. Dynamisch, vielf\u00e4ltig, k\u00f6stlich und g\u00f6ttlich.<\/p><p>Zakynthos, auch bekannt als Zante, ist ein weiteres ionisches Juwel voller nat\u00fcrlicher Sch\u00f6nheit. Die Hauptstadt der Insel, Zakynthos-Stadt, ist ber\u00fchmt f\u00fcr ihre elegante venezianische und neoklassizistische Architektur und die Uferpromenade an der Ostk\u00fcste. Die seltenen Caretta-Caretta-Schildkr\u00f6ten, die das unber\u00fchrte Laganas-Bucht als ihren Nistplatz gew\u00e4hlt haben, sind ein Zeugnis der unber\u00fchrten Natur der Insel. In der N\u00e4he von Zakynthos-Stadt, im Gebiet von Tsilivi, f\u00e4ngt King Jason Zante den Zauber der Insel perfekt ein.<\/p>\t\t\t\t\t\t\t\t<\/div>\n\t\t\t\t<\/div>\n\t\t\t\t\t<\/div>\n\t\t<\/div>\n\t\t\t\t<div class=\"elementor-column elementor-col-16 elementor-top-column elementor-element elementor-element-51c60b6 elementor-hidden-mobile\" data-id=\"51c60b6\" data-element_type=\"column\" data-e-type=\"column\">\n\t\t\t<div class=\"elementor-widget-wrap\">\n\t\t\t\t\t\t\t<\/div>\n\t\t<\/div>\n\t\t\t\t\t<\/div>\n\t\t<\/section>\n\t\t\t\t<\/div>\n\t\t","protected":false},"excerpt":{"rendered":"<p>26HO 7DO 4CO 1LO DIE KRAFT UND HERRLICHKEIT DER NATUR. ZANTE &#8211; ZAKYNTHOS. DIE BLUME DES OSTENS Ein bet\u00f6render Duft, ein Kaleidoskop aus \u00fcppigem Gr\u00fcn, saphirblauem Meer und puderwei\u00dfen K\u00fcstenlinien. Ber\u00fchmte Str\u00e4nde mit gestrandeten Schiffswracks. Unechte Karettschildkr\u00f6ten suchen Schutz. Meeresschutzgebiete bewahren die Artenvielfalt. Biobauernh\u00f6fe, Weing\u00fcter und kulinarische Gen\u00fcsse mit unwiderstehlichen Aromen. Dynamisch, vielf\u00e4ltig, k\u00f6stlich und [&hellip;]<\/p>\n","protected":false},"author":6,"featured_media":15718,"parent":15505,"menu_order":0,"comment_status":"closed","ping_status":"closed","template":"","meta":{"_acf_changed":false,"footnotes":""},"class_list":["post-15763","page","type-page","status-publish","has-post-thumbnail","hentry"],"acf":[],"yoast_head":"<!-- This site is optimized with the Yoast SEO plugin v27.1.1 - https:\/\/yoast.com\/product\/yoast-seo-wordpress\/ -->\n<title>Zakynthos<\/title>\n<meta name=\"description\" content=\"Ein bet\u00f6render Duft, ein Kaleidoskop aus \u00fcppigem Gr\u00fcn, saphirblauem Meer und wei\u00dfen K\u00fcsten. Ber\u00fchmte Str\u00e4nde, Schutzgebiete, Bioh\u00f6fe, Weing\u00fcter und k\u00f6stliche Gen\u00fcsse \u2013 dynamisch und g\u00f6ttlich.\" \/>\n<meta name=\"robots\" content=\"index, follow, max-snippet:-1, max-image-preview:large, max-video-preview:-1\" \/>\n<link rel=\"canonical\" href=\"https:\/\/louishotelspro.com\/de\/destinations\/zante\/\" \/>\n<meta property=\"og:locale\" content=\"de_DE\" \/>\n<meta property=\"og:type\" content=\"article\" \/>\n<meta property=\"og:title\" content=\"Zakynthos\" \/>\n<meta property=\"og:description\" content=\"Ein bet\u00f6render Duft, ein Kaleidoskop aus \u00fcppigem Gr\u00fcn, saphirblauem Meer und wei\u00dfen K\u00fcsten. Ber\u00fchmte Str\u00e4nde, Schutzgebiete, Bioh\u00f6fe, Weing\u00fcter und k\u00f6stliche Gen\u00fcsse \u2013 dynamisch und g\u00f6ttlich.\" \/>\n<meta property=\"og:url\" content=\"https:\/\/louishotelspro.com\/de\/destinations\/zante\/\" \/>\n<meta property=\"og:site_name\" content=\"Louis Hotels Pro\" \/>\n<meta property=\"article:modified_time\" content=\"2024-11-05T06:54:10+00:00\" \/>\n<meta property=\"og:image\" content=\"https:\/\/louishotelspro.com\/wp-content\/uploads\/2024\/11\/zante-4.jpg\" \/>\n\t<meta property=\"og:image:width\" content=\"1920\" \/>\n\t<meta property=\"og:image:height\" content=\"1080\" \/>\n\t<meta property=\"og:image:type\" content=\"image\/jpeg\" \/>\n<meta name=\"twitter:card\" content=\"summary_large_image\" \/>\n<meta name=\"twitter:label1\" content=\"Gesch\u00e4tzte Lesezeit\" \/>\n\t<meta name=\"twitter:data1\" content=\"1\u00a0Minute\" \/>\n<script type=\"application\/ld+json\" class=\"yoast-schema-graph\">{\"@context\":\"https:\/\/schema.org\",\"@graph\":[{\"@type\":\"WebPage\",\"@id\":\"https:\/\/louishotelspro.com\/de\/destinations\/zante\/\",\"url\":\"https:\/\/louishotelspro.com\/de\/destinations\/zante\/\",\"name\":\"Zakynthos\",\"isPartOf\":{\"@id\":\"https:\/\/louishotelspro.com\/#website\"},\"primaryImageOfPage\":{\"@id\":\"https:\/\/louishotelspro.com\/de\/destinations\/zante\/#primaryimage\"},\"image\":{\"@id\":\"https:\/\/louishotelspro.com\/de\/destinations\/zante\/#primaryimage\"},\"thumbnailUrl\":\"https:\/\/louishotelspro.com\/wp-content\/uploads\/2024\/11\/zante-4.jpg\",\"datePublished\":\"2024-11-03T17:39:43+00:00\",\"dateModified\":\"2024-11-05T06:54:10+00:00\",\"description\":\"Ein bet\u00f6render Duft, ein Kaleidoskop aus \u00fcppigem Gr\u00fcn, saphirblauem Meer und wei\u00dfen K\u00fcsten. Ber\u00fchmte Str\u00e4nde, Schutzgebiete, Bioh\u00f6fe, Weing\u00fcter und k\u00f6stliche Gen\u00fcsse \u2013 dynamisch und g\u00f6ttlich.\",\"breadcrumb\":{\"@id\":\"https:\/\/louishotelspro.com\/de\/destinations\/zante\/#breadcrumb\"},\"inLanguage\":\"de\",\"potentialAction\":[{\"@type\":\"ReadAction\",\"target\":[\"https:\/\/louishotelspro.com\/de\/destinations\/zante\/\"]}]},{\"@type\":\"ImageObject\",\"inLanguage\":\"de\",\"@id\":\"https:\/\/louishotelspro.com\/de\/destinations\/zante\/#primaryimage\",\"url\":\"https:\/\/louishotelspro.com\/wp-content\/uploads\/2024\/11\/zante-4.jpg\",\"contentUrl\":\"https:\/\/louishotelspro.com\/wp-content\/uploads\/2024\/11\/zante-4.jpg\",\"width\":1920,\"height\":1080,\"caption\":\"zante\"},{\"@type\":\"BreadcrumbList\",\"@id\":\"https:\/\/louishotelspro.com\/de\/destinations\/zante\/#breadcrumb\",\"itemListElement\":[{\"@type\":\"ListItem\",\"position\":1,\"name\":\"Home\",\"item\":\"https:\/\/louishotelspro.com\/ru\/\"},{\"@type\":\"ListItem\",\"position\":2,\"name\":\"Reiseziele\",\"item\":\"https:\/\/louishotelspro.com\/ru\/destinations\/\"},{\"@type\":\"ListItem\",\"position\":3,\"name\":\"Zakynthos\"}]},{\"@type\":\"WebSite\",\"@id\":\"https:\/\/louishotelspro.com\/#website\",\"url\":\"https:\/\/louishotelspro.com\/\",\"name\":\"Louis Hotels Pro\",\"description\":\"Just another WordPress site\",\"publisher\":{\"@id\":\"https:\/\/louishotelspro.com\/#organization\"},\"potentialAction\":[{\"@type\":\"SearchAction\",\"target\":{\"@type\":\"EntryPoint\",\"urlTemplate\":\"https:\/\/louishotelspro.com\/?s={search_term_string}\"},\"query-input\":{\"@type\":\"PropertyValueSpecification\",\"valueRequired\":true,\"valueName\":\"search_term_string\"}}],\"inLanguage\":\"de\"},{\"@type\":\"Organization\",\"@id\":\"https:\/\/louishotelspro.com\/#organization\",\"name\":\"Louis Hotels\",\"url\":\"https:\/\/louishotelspro.com\/\",\"logo\":{\"@type\":\"ImageObject\",\"inLanguage\":\"de\",\"@id\":\"https:\/\/louishotelspro.com\/#\/schema\/logo\/image\/\",\"url\":\"https:\/\/louishotelspro.com\/wp-content\/uploads\/2018\/04\/logo-w.png\",\"contentUrl\":\"https:\/\/louishotelspro.com\/wp-content\/uploads\/2018\/04\/logo-w.png\",\"width\":380,\"height\":36,\"caption\":\"Louis Hotels\"},\"image\":{\"@id\":\"https:\/\/louishotelspro.com\/#\/schema\/logo\/image\/\"}}]}<\/script>\n<!-- \/ Yoast SEO plugin. -->","yoast_head_json":{"title":"Zakynthos","description":"Ein bet\u00f6render Duft, ein Kaleidoskop aus \u00fcppigem Gr\u00fcn, saphirblauem Meer und wei\u00dfen K\u00fcsten. Ber\u00fchmte Str\u00e4nde, Schutzgebiete, Bioh\u00f6fe, Weing\u00fcter und k\u00f6stliche Gen\u00fcsse \u2013 dynamisch und g\u00f6ttlich.","robots":{"index":"index","follow":"follow","max-snippet":"max-snippet:-1","max-image-preview":"max-image-preview:large","max-video-preview":"max-video-preview:-1"},"canonical":"https:\/\/louishotelspro.com\/de\/destinations\/zante\/","og_locale":"de_DE","og_type":"article","og_title":"Zakynthos","og_description":"Ein bet\u00f6render Duft, ein Kaleidoskop aus \u00fcppigem Gr\u00fcn, saphirblauem Meer und wei\u00dfen K\u00fcsten. Ber\u00fchmte Str\u00e4nde, Schutzgebiete, Bioh\u00f6fe, Weing\u00fcter und k\u00f6stliche Gen\u00fcsse \u2013 dynamisch und g\u00f6ttlich.","og_url":"https:\/\/louishotelspro.com\/de\/destinations\/zante\/","og_site_name":"Louis Hotels Pro","article_modified_time":"2024-11-05T06:54:10+00:00","og_image":[{"width":1920,"height":1080,"url":"https:\/\/louishotelspro.com\/wp-content\/uploads\/2024\/11\/zante-4.jpg","type":"image\/jpeg"}],"twitter_card":"summary_large_image","twitter_misc":{"Gesch\u00e4tzte Lesezeit":"1\u00a0Minute"},"schema":{"@context":"https:\/\/schema.org","@graph":[{"@type":"WebPage","@id":"https:\/\/louishotelspro.com\/de\/destinations\/zante\/","url":"https:\/\/louishotelspro.com\/de\/destinations\/zante\/","name":"Zakynthos","isPartOf":{"@id":"https:\/\/louishotelspro.com\/#website"},"primaryImageOfPage":{"@id":"https:\/\/louishotelspro.com\/de\/destinations\/zante\/#primaryimage"},"image":{"@id":"https:\/\/louishotelspro.com\/de\/destinations\/zante\/#primaryimage"},"thumbnailUrl":"https:\/\/louishotelspro.com\/wp-content\/uploads\/2024\/11\/zante-4.jpg","datePublished":"2024-11-03T17:39:43+00:00","dateModified":"2024-11-05T06:54:10+00:00","description":"Ein bet\u00f6render Duft, ein Kaleidoskop aus \u00fcppigem Gr\u00fcn, saphirblauem Meer und wei\u00dfen K\u00fcsten. Ber\u00fchmte Str\u00e4nde, Schutzgebiete, Bioh\u00f6fe, Weing\u00fcter und k\u00f6stliche Gen\u00fcsse \u2013 dynamisch und g\u00f6ttlich.","breadcrumb":{"@id":"https:\/\/louishotelspro.com\/de\/destinations\/zante\/#breadcrumb"},"inLanguage":"de","potentialAction":[{"@type":"ReadAction","target":["https:\/\/louishotelspro.com\/de\/destinations\/zante\/"]}]},{"@type":"ImageObject","inLanguage":"de","@id":"https:\/\/louishotelspro.com\/de\/destinations\/zante\/#primaryimage","url":"https:\/\/louishotelspro.com\/wp-content\/uploads\/2024\/11\/zante-4.jpg","contentUrl":"https:\/\/louishotelspro.com\/wp-content\/uploads\/2024\/11\/zante-4.jpg","width":1920,"height":1080,"caption":"zante"},{"@type":"BreadcrumbList","@id":"https:\/\/louishotelspro.com\/de\/destinations\/zante\/#breadcrumb","itemListElement":[{"@type":"ListItem","position":1,"name":"Home","item":"https:\/\/louishotelspro.com\/ru\/"},{"@type":"ListItem","position":2,"name":"Reiseziele","item":"https:\/\/louishotelspro.com\/ru\/destinations\/"},{"@type":"ListItem","position":3,"name":"Zakynthos"}]},{"@type":"WebSite","@id":"https:\/\/louishotelspro.com\/#website","url":"https:\/\/louishotelspro.com\/","name":"Louis Hotels Pro","description":"Just another WordPress site","publisher":{"@id":"https:\/\/louishotelspro.com\/#organization"},"potentialAction":[{"@type":"SearchAction","target":{"@type":"EntryPoint","urlTemplate":"https:\/\/louishotelspro.com\/?s={search_term_string}"},"query-input":{"@type":"PropertyValueSpecification","valueRequired":true,"valueName":"search_term_string"}}],"inLanguage":"de"},{"@type":"Organization","@id":"https:\/\/louishotelspro.com\/#organization","name":"Louis Hotels","url":"https:\/\/louishotelspro.com\/","logo":{"@type":"ImageObject","inLanguage":"de","@id":"https:\/\/louishotelspro.com\/#\/schema\/logo\/image\/","url":"https:\/\/louishotelspro.com\/wp-content\/uploads\/2018\/04\/logo-w.png","contentUrl":"https:\/\/louishotelspro.com\/wp-content\/uploads\/2018\/04\/logo-w.png","width":380,"height":36,"caption":"Louis Hotels"},"image":{"@id":"https:\/\/louishotelspro.com\/#\/schema\/logo\/image\/"}}]}},"_links":{"self":[{"href":"https:\/\/louishotelspro.com\/de\/wp-json\/wp\/v2\/pages\/15763","targetHints":{"allow":["GET"]}}],"collection":[{"href":"https:\/\/louishotelspro.com\/de\/wp-json\/wp\/v2\/pages"}],"about":[{"href":"https:\/\/louishotelspro.com\/de\/wp-json\/wp\/v2\/types\/page"}],"author":[{"embeddable":true,"href":"https:\/\/louishotelspro.com\/de\/wp-json\/wp\/v2\/users\/6"}],"replies":[{"embeddable":true,"href":"https:\/\/louishotelspro.com\/de\/wp-json\/wp\/v2\/comments?post=15763"}],"version-history":[{"count":0,"href":"https:\/\/louishotelspro.com\/de\/wp-json\/wp\/v2\/pages\/15763\/revisions"}],"up":[{"embeddable":true,"href":"https:\/\/louishotelspro.com\/de\/wp-json\/wp\/v2\/pages\/15505"}],"wp:featuredmedia":[{"embeddable":true,"href":"https:\/\/louishotelspro.com\/de\/wp-json\/wp\/v2\/media\/15718"}],"wp:attachment":[{"href":"https:\/\/louishotelspro.com\/de\/wp-json\/wp\/v2\/media?parent=15763"}],"curies":[{"name":"wp","href":"https:\/\/api.w.org\/{rel}","templated":true}]}}