{"id":15757,"date":"2024-11-03T19:38:09","date_gmt":"2024-11-03T17:38:09","guid":{"rendered":"https:\/\/louishotelspro.com\/destinations\/rhodes\/"},"modified":"2024-11-05T08:55:07","modified_gmt":"2024-11-05T06:55:07","slug":"rhodes","status":"publish","type":"page","link":"https:\/\/louishotelspro.com\/de\/destinations\/rhodes\/","title":{"rendered":"Rhodos"},"content":{"rendered":"\t\t<div data-elementor-type=\"wp-post\" data-elementor-id=\"15757\" class=\"elementor elementor-15757 elementor-15620\" data-elementor-post-type=\"page\">\n\t\t\t\t\t\t<section class=\"elementor-section elementor-top-section elementor-element elementor-element-2c67051 elementor-section-height-min-height elementor-section-boxed elementor-section-height-default elementor-section-items-middle\" data-id=\"2c67051\" data-element_type=\"section\" data-e-type=\"section\" data-settings=\"{&quot;background_background&quot;:&quot;classic&quot;}\">\n\t\t\t\t\t\t<div class=\"elementor-container elementor-column-gap-default\">\n\t\t\t\t\t<div class=\"elementor-column elementor-col-100 elementor-top-column elementor-element elementor-element-f1de85d\" data-id=\"f1de85d\" data-element_type=\"column\" data-e-type=\"column\">\n\t\t\t<div class=\"elementor-widget-wrap elementor-element-populated\">\n\t\t\t\t\t\t<div class=\"elementor-element elementor-element-6b355d6 elementor-widget elementor-widget-heading\" data-id=\"6b355d6\" data-element_type=\"widget\" data-e-type=\"widget\" data-widget_type=\"heading.default\">\n\t\t\t\t<div class=\"elementor-widget-container\">\n\t\t\t\t\t<span class=\"elementor-heading-title elementor-size-default\">26H<sup>O<\/sup> 7D<sup>O<\/sup>  4C<sup>O<\/sup> 1L<sup>O<\/sup><\/span>\t\t\t\t<\/div>\n\t\t\t\t<\/div>\n\t\t\t\t\t<\/div>\n\t\t<\/div>\n\t\t\t\t\t<\/div>\n\t\t<\/section>\n\t\t\t\t<section class=\"elementor-section elementor-top-section elementor-element elementor-element-7133a92 elementor-section-boxed elementor-section-height-default elementor-section-height-default\" data-id=\"7133a92\" data-element_type=\"section\" data-e-type=\"section\">\n\t\t\t\t\t\t<div class=\"elementor-container elementor-column-gap-default\">\n\t\t\t\t\t<div class=\"elementor-column elementor-col-16 elementor-top-column elementor-element elementor-element-0fac0c8 elementor-hidden-mobile\" data-id=\"0fac0c8\" data-element_type=\"column\" data-e-type=\"column\">\n\t\t\t<div class=\"elementor-widget-wrap\">\n\t\t\t\t\t\t\t<\/div>\n\t\t<\/div>\n\t\t\t\t<div class=\"elementor-column elementor-col-66 elementor-top-column elementor-element elementor-element-1dfd7cc\" data-id=\"1dfd7cc\" data-element_type=\"column\" data-e-type=\"column\">\n\t\t\t<div class=\"elementor-widget-wrap elementor-element-populated\">\n\t\t\t\t\t\t<div class=\"elementor-element elementor-element-5fcfd9c elementor-widget elementor-widget-image\" data-id=\"5fcfd9c\" data-element_type=\"widget\" data-e-type=\"widget\" data-widget_type=\"image.default\">\n\t\t\t\t<div class=\"elementor-widget-container\">\n\t\t\t\t\t\t\t\t\t\t\t\t\t\t\t<img fetchpriority=\"high\" decoding=\"async\" width=\"1021\" height=\"119\" src=\"https:\/\/louishotelspro.com\/wp-content\/uploads\/2024\/11\/Rhodes-coordinates.png\" class=\"attachment-full size-full wp-image-15715\" alt=\"Rhodes\" srcset=\"https:\/\/louishotelspro.com\/wp-content\/uploads\/2024\/11\/Rhodes-coordinates.png 1021w, https:\/\/louishotelspro.com\/wp-content\/uploads\/2024\/11\/Rhodes-coordinates-300x35.png 300w, https:\/\/louishotelspro.com\/wp-content\/uploads\/2024\/11\/Rhodes-coordinates-768x90.png 768w\" sizes=\"(max-width: 1021px) 100vw, 1021px\" \/>\t\t\t\t\t\t\t\t\t\t\t\t\t\t\t<\/div>\n\t\t\t\t<\/div>\n\t\t\t\t<div class=\"elementor-element elementor-element-c14915a elementor-widget elementor-widget-heading\" data-id=\"c14915a\" data-element_type=\"widget\" data-e-type=\"widget\" data-widget_type=\"heading.default\">\n\t\t\t\t<div class=\"elementor-widget-container\">\n\t\t\t\t\t<h2 class=\"elementor-heading-title elementor-size-default\">RHODOS IST EIN JUWEL DER \u00c4G\u00c4IS, EINMALIG IN SEINER ART<\/h2>\t\t\t\t<\/div>\n\t\t\t\t<\/div>\n\t\t\t\t<div class=\"elementor-element elementor-element-739a7bd elementor-widget elementor-widget-text-editor\" data-id=\"739a7bd\" data-element_type=\"widget\" data-e-type=\"widget\" data-widget_type=\"text-editor.default\">\n\t\t\t\t<div class=\"elementor-widget-container\">\n\t\t\t\t\t\t\t\t\t<p>Als gr\u00f6\u00dfte Insel der Dodekanes zieht Rhodos Reisende an, die die Romantik und die sch\u00f6nen Str\u00e4nde der griechischen Inseln mit einer F\u00fclle von Attraktionen und historischen St\u00e4tten kombinieren m\u00f6chten.<\/p><p>Das wundersch\u00f6ne Rhodos ist auch als &#8222;Insel der Ritter&#8220; bekannt, benannt nach den Johannitern, die einst dieses Land eroberten. Diese beeindruckende Vergangenheit wird in den vielen antiken Ruinen, den Kirchen mit Terrakotta-D\u00e4chern und in den traditionellen D\u00f6rfern lebendig. Ebenso beeindruckend wie seine Geschichte ist die Landschaft, die mit reicher nat\u00fcrlicher Sch\u00f6nheit gesegnet ist, von nahtlosen Sandk\u00fcsten und funkelndem Meer bis hin zu ruhigen Buchten und wei\u00dfen Bergen.<\/p>\t\t\t\t\t\t\t\t<\/div>\n\t\t\t\t<\/div>\n\t\t\t\t\t<\/div>\n\t\t<\/div>\n\t\t\t\t<div class=\"elementor-column elementor-col-16 elementor-top-column elementor-element elementor-element-51c60b6 elementor-hidden-mobile\" data-id=\"51c60b6\" data-element_type=\"column\" data-e-type=\"column\">\n\t\t\t<div class=\"elementor-widget-wrap\">\n\t\t\t\t\t\t\t<\/div>\n\t\t<\/div>\n\t\t\t\t\t<\/div>\n\t\t<\/section>\n\t\t\t\t<\/div>\n\t\t","protected":false},"excerpt":{"rendered":"<p>26HO 7DO 4CO 1LO RHODOS IST EIN JUWEL DER \u00c4G\u00c4IS, EINMALIG IN SEINER ART Als gr\u00f6\u00dfte Insel der Dodekanes zieht Rhodos Reisende an, die die Romantik und die sch\u00f6nen Str\u00e4nde der griechischen Inseln mit einer F\u00fclle von Attraktionen und historischen St\u00e4tten kombinieren m\u00f6chten. Das wundersch\u00f6ne Rhodos ist auch als &#8222;Insel der Ritter&#8220; bekannt, benannt nach [&hellip;]<\/p>\n","protected":false},"author":6,"featured_media":15721,"parent":15505,"menu_order":0,"comment_status":"closed","ping_status":"closed","template":"","meta":{"_acf_changed":false,"footnotes":""},"class_list":["post-15757","page","type-page","status-publish","has-post-thumbnail","hentry"],"acf":[],"yoast_head":"<!-- This site is optimized with the Yoast SEO plugin v27.1.1 - https:\/\/yoast.com\/product\/yoast-seo-wordpress\/ -->\n<title>Rhodos<\/title>\n<meta name=\"description\" content=\"Als gr\u00f6\u00dfte Insel der Dodekanes zieht Rhodos Reisende an, die die Romantik und die sch\u00f6nen Str\u00e4nde der griechischen Inseln mit einer F\u00fclle von Attraktionen und historischen St\u00e4tten kombinieren m\u00f6chten.\" \/>\n<meta name=\"robots\" content=\"index, follow, max-snippet:-1, max-image-preview:large, max-video-preview:-1\" \/>\n<link rel=\"canonical\" href=\"https:\/\/louishotelspro.com\/de\/destinations\/rhodes\/\" \/>\n<meta property=\"og:locale\" content=\"de_DE\" \/>\n<meta property=\"og:type\" content=\"article\" \/>\n<meta property=\"og:title\" content=\"Rhodos\" \/>\n<meta property=\"og:description\" content=\"Als gr\u00f6\u00dfte Insel der Dodekanes zieht Rhodos Reisende an, die die Romantik und die sch\u00f6nen Str\u00e4nde der griechischen Inseln mit einer F\u00fclle von Attraktionen und historischen St\u00e4tten kombinieren m\u00f6chten.\" \/>\n<meta property=\"og:url\" content=\"https:\/\/louishotelspro.com\/de\/destinations\/rhodes\/\" \/>\n<meta property=\"og:site_name\" content=\"Louis Hotels Pro\" \/>\n<meta property=\"article:modified_time\" content=\"2024-11-05T06:55:07+00:00\" \/>\n<meta property=\"og:image\" content=\"https:\/\/louishotelspro.com\/wp-content\/uploads\/2024\/11\/rhodes-3.jpg\" \/>\n\t<meta property=\"og:image:width\" content=\"1920\" \/>\n\t<meta property=\"og:image:height\" content=\"1080\" \/>\n\t<meta property=\"og:image:type\" content=\"image\/jpeg\" \/>\n<meta name=\"twitter:card\" content=\"summary_large_image\" \/>\n<meta name=\"twitter:label1\" content=\"Gesch\u00e4tzte Lesezeit\" \/>\n\t<meta name=\"twitter:data1\" content=\"1\u00a0Minute\" \/>\n<script type=\"application\/ld+json\" class=\"yoast-schema-graph\">{\"@context\":\"https:\/\/schema.org\",\"@graph\":[{\"@type\":\"WebPage\",\"@id\":\"https:\/\/louishotelspro.com\/de\/destinations\/rhodes\/\",\"url\":\"https:\/\/louishotelspro.com\/de\/destinations\/rhodes\/\",\"name\":\"Rhodos\",\"isPartOf\":{\"@id\":\"https:\/\/louishotelspro.com\/#website\"},\"primaryImageOfPage\":{\"@id\":\"https:\/\/louishotelspro.com\/de\/destinations\/rhodes\/#primaryimage\"},\"image\":{\"@id\":\"https:\/\/louishotelspro.com\/de\/destinations\/rhodes\/#primaryimage\"},\"thumbnailUrl\":\"https:\/\/louishotelspro.com\/wp-content\/uploads\/2024\/11\/rhodes-3.jpg\",\"datePublished\":\"2024-11-03T17:38:09+00:00\",\"dateModified\":\"2024-11-05T06:55:07+00:00\",\"description\":\"Als gr\u00f6\u00dfte Insel der Dodekanes zieht Rhodos Reisende an, die die Romantik und die sch\u00f6nen Str\u00e4nde der griechischen Inseln mit einer F\u00fclle von Attraktionen und historischen St\u00e4tten kombinieren m\u00f6chten.\",\"breadcrumb\":{\"@id\":\"https:\/\/louishotelspro.com\/de\/destinations\/rhodes\/#breadcrumb\"},\"inLanguage\":\"de\",\"potentialAction\":[{\"@type\":\"ReadAction\",\"target\":[\"https:\/\/louishotelspro.com\/de\/destinations\/rhodes\/\"]}]},{\"@type\":\"ImageObject\",\"inLanguage\":\"de\",\"@id\":\"https:\/\/louishotelspro.com\/de\/destinations\/rhodes\/#primaryimage\",\"url\":\"https:\/\/louishotelspro.com\/wp-content\/uploads\/2024\/11\/rhodes-3.jpg\",\"contentUrl\":\"https:\/\/louishotelspro.com\/wp-content\/uploads\/2024\/11\/rhodes-3.jpg\",\"width\":1920,\"height\":1080,\"caption\":\"rhodes\"},{\"@type\":\"BreadcrumbList\",\"@id\":\"https:\/\/louishotelspro.com\/de\/destinations\/rhodes\/#breadcrumb\",\"itemListElement\":[{\"@type\":\"ListItem\",\"position\":1,\"name\":\"Home\",\"item\":\"https:\/\/louishotelspro.com\/ru\/\"},{\"@type\":\"ListItem\",\"position\":2,\"name\":\"Reiseziele\",\"item\":\"https:\/\/louishotelspro.com\/ru\/destinations\/\"},{\"@type\":\"ListItem\",\"position\":3,\"name\":\"Rhodos\"}]},{\"@type\":\"WebSite\",\"@id\":\"https:\/\/louishotelspro.com\/#website\",\"url\":\"https:\/\/louishotelspro.com\/\",\"name\":\"Louis Hotels Pro\",\"description\":\"Just another WordPress site\",\"publisher\":{\"@id\":\"https:\/\/louishotelspro.com\/#organization\"},\"potentialAction\":[{\"@type\":\"SearchAction\",\"target\":{\"@type\":\"EntryPoint\",\"urlTemplate\":\"https:\/\/louishotelspro.com\/?s={search_term_string}\"},\"query-input\":{\"@type\":\"PropertyValueSpecification\",\"valueRequired\":true,\"valueName\":\"search_term_string\"}}],\"inLanguage\":\"de\"},{\"@type\":\"Organization\",\"@id\":\"https:\/\/louishotelspro.com\/#organization\",\"name\":\"Louis Hotels\",\"url\":\"https:\/\/louishotelspro.com\/\",\"logo\":{\"@type\":\"ImageObject\",\"inLanguage\":\"de\",\"@id\":\"https:\/\/louishotelspro.com\/#\/schema\/logo\/image\/\",\"url\":\"https:\/\/louishotelspro.com\/wp-content\/uploads\/2018\/04\/logo-w.png\",\"contentUrl\":\"https:\/\/louishotelspro.com\/wp-content\/uploads\/2018\/04\/logo-w.png\",\"width\":380,\"height\":36,\"caption\":\"Louis Hotels\"},\"image\":{\"@id\":\"https:\/\/louishotelspro.com\/#\/schema\/logo\/image\/\"}}]}<\/script>\n<!-- \/ Yoast SEO plugin. -->","yoast_head_json":{"title":"Rhodos","description":"Als gr\u00f6\u00dfte Insel der Dodekanes zieht Rhodos Reisende an, die die Romantik und die sch\u00f6nen Str\u00e4nde der griechischen Inseln mit einer F\u00fclle von Attraktionen und historischen St\u00e4tten kombinieren m\u00f6chten.","robots":{"index":"index","follow":"follow","max-snippet":"max-snippet:-1","max-image-preview":"max-image-preview:large","max-video-preview":"max-video-preview:-1"},"canonical":"https:\/\/louishotelspro.com\/de\/destinations\/rhodes\/","og_locale":"de_DE","og_type":"article","og_title":"Rhodos","og_description":"Als gr\u00f6\u00dfte Insel der Dodekanes zieht Rhodos Reisende an, die die Romantik und die sch\u00f6nen Str\u00e4nde der griechischen Inseln mit einer F\u00fclle von Attraktionen und historischen St\u00e4tten kombinieren m\u00f6chten.","og_url":"https:\/\/louishotelspro.com\/de\/destinations\/rhodes\/","og_site_name":"Louis Hotels Pro","article_modified_time":"2024-11-05T06:55:07+00:00","og_image":[{"width":1920,"height":1080,"url":"https:\/\/louishotelspro.com\/wp-content\/uploads\/2024\/11\/rhodes-3.jpg","type":"image\/jpeg"}],"twitter_card":"summary_large_image","twitter_misc":{"Gesch\u00e4tzte Lesezeit":"1\u00a0Minute"},"schema":{"@context":"https:\/\/schema.org","@graph":[{"@type":"WebPage","@id":"https:\/\/louishotelspro.com\/de\/destinations\/rhodes\/","url":"https:\/\/louishotelspro.com\/de\/destinations\/rhodes\/","name":"Rhodos","isPartOf":{"@id":"https:\/\/louishotelspro.com\/#website"},"primaryImageOfPage":{"@id":"https:\/\/louishotelspro.com\/de\/destinations\/rhodes\/#primaryimage"},"image":{"@id":"https:\/\/louishotelspro.com\/de\/destinations\/rhodes\/#primaryimage"},"thumbnailUrl":"https:\/\/louishotelspro.com\/wp-content\/uploads\/2024\/11\/rhodes-3.jpg","datePublished":"2024-11-03T17:38:09+00:00","dateModified":"2024-11-05T06:55:07+00:00","description":"Als gr\u00f6\u00dfte Insel der Dodekanes zieht Rhodos Reisende an, die die Romantik und die sch\u00f6nen Str\u00e4nde der griechischen Inseln mit einer F\u00fclle von Attraktionen und historischen St\u00e4tten kombinieren m\u00f6chten.","breadcrumb":{"@id":"https:\/\/louishotelspro.com\/de\/destinations\/rhodes\/#breadcrumb"},"inLanguage":"de","potentialAction":[{"@type":"ReadAction","target":["https:\/\/louishotelspro.com\/de\/destinations\/rhodes\/"]}]},{"@type":"ImageObject","inLanguage":"de","@id":"https:\/\/louishotelspro.com\/de\/destinations\/rhodes\/#primaryimage","url":"https:\/\/louishotelspro.com\/wp-content\/uploads\/2024\/11\/rhodes-3.jpg","contentUrl":"https:\/\/louishotelspro.com\/wp-content\/uploads\/2024\/11\/rhodes-3.jpg","width":1920,"height":1080,"caption":"rhodes"},{"@type":"BreadcrumbList","@id":"https:\/\/louishotelspro.com\/de\/destinations\/rhodes\/#breadcrumb","itemListElement":[{"@type":"ListItem","position":1,"name":"Home","item":"https:\/\/louishotelspro.com\/ru\/"},{"@type":"ListItem","position":2,"name":"Reiseziele","item":"https:\/\/louishotelspro.com\/ru\/destinations\/"},{"@type":"ListItem","position":3,"name":"Rhodos"}]},{"@type":"WebSite","@id":"https:\/\/louishotelspro.com\/#website","url":"https:\/\/louishotelspro.com\/","name":"Louis Hotels Pro","description":"Just another WordPress site","publisher":{"@id":"https:\/\/louishotelspro.com\/#organization"},"potentialAction":[{"@type":"SearchAction","target":{"@type":"EntryPoint","urlTemplate":"https:\/\/louishotelspro.com\/?s={search_term_string}"},"query-input":{"@type":"PropertyValueSpecification","valueRequired":true,"valueName":"search_term_string"}}],"inLanguage":"de"},{"@type":"Organization","@id":"https:\/\/louishotelspro.com\/#organization","name":"Louis Hotels","url":"https:\/\/louishotelspro.com\/","logo":{"@type":"ImageObject","inLanguage":"de","@id":"https:\/\/louishotelspro.com\/#\/schema\/logo\/image\/","url":"https:\/\/louishotelspro.com\/wp-content\/uploads\/2018\/04\/logo-w.png","contentUrl":"https:\/\/louishotelspro.com\/wp-content\/uploads\/2018\/04\/logo-w.png","width":380,"height":36,"caption":"Louis Hotels"},"image":{"@id":"https:\/\/louishotelspro.com\/#\/schema\/logo\/image\/"}}]}},"_links":{"self":[{"href":"https:\/\/louishotelspro.com\/de\/wp-json\/wp\/v2\/pages\/15757","targetHints":{"allow":["GET"]}}],"collection":[{"href":"https:\/\/louishotelspro.com\/de\/wp-json\/wp\/v2\/pages"}],"about":[{"href":"https:\/\/louishotelspro.com\/de\/wp-json\/wp\/v2\/types\/page"}],"author":[{"embeddable":true,"href":"https:\/\/louishotelspro.com\/de\/wp-json\/wp\/v2\/users\/6"}],"replies":[{"embeddable":true,"href":"https:\/\/louishotelspro.com\/de\/wp-json\/wp\/v2\/comments?post=15757"}],"version-history":[{"count":0,"href":"https:\/\/louishotelspro.com\/de\/wp-json\/wp\/v2\/pages\/15757\/revisions"}],"up":[{"embeddable":true,"href":"https:\/\/louishotelspro.com\/de\/wp-json\/wp\/v2\/pages\/15505"}],"wp:featuredmedia":[{"embeddable":true,"href":"https:\/\/louishotelspro.com\/de\/wp-json\/wp\/v2\/media\/15721"}],"wp:attachment":[{"href":"https:\/\/louishotelspro.com\/de\/wp-json\/wp\/v2\/media?parent=15757"}],"curies":[{"name":"wp","href":"https:\/\/api.w.org\/{rel}","templated":true}]}}