{"id":15754,"date":"2024-11-03T19:38:41","date_gmt":"2024-11-03T17:38:41","guid":{"rendered":"https:\/\/louishotelspro.com\/destinations\/corfu\/"},"modified":"2024-11-05T09:00:06","modified_gmt":"2024-11-05T07:00:06","slug":"corfu","status":"publish","type":"page","link":"https:\/\/louishotelspro.com\/de\/destinations\/corfu\/","title":{"rendered":"Korfu"},"content":{"rendered":"\t\t<div data-elementor-type=\"wp-post\" data-elementor-id=\"15754\" class=\"elementor elementor-15754 elementor-15622\" data-elementor-post-type=\"page\">\n\t\t\t\t\t\t<section class=\"elementor-section elementor-top-section elementor-element elementor-element-2c67051 elementor-section-height-min-height elementor-section-boxed elementor-section-height-default elementor-section-items-middle\" data-id=\"2c67051\" data-element_type=\"section\" data-e-type=\"section\" data-settings=\"{&quot;background_background&quot;:&quot;classic&quot;}\">\n\t\t\t\t\t\t<div class=\"elementor-container elementor-column-gap-default\">\n\t\t\t\t\t<div class=\"elementor-column elementor-col-100 elementor-top-column elementor-element elementor-element-f1de85d\" data-id=\"f1de85d\" data-element_type=\"column\" data-e-type=\"column\">\n\t\t\t<div class=\"elementor-widget-wrap elementor-element-populated\">\n\t\t\t\t\t\t<div class=\"elementor-element elementor-element-6b355d6 elementor-widget elementor-widget-heading\" data-id=\"6b355d6\" data-element_type=\"widget\" data-e-type=\"widget\" data-widget_type=\"heading.default\">\n\t\t\t\t<div class=\"elementor-widget-container\">\n\t\t\t\t\t<span class=\"elementor-heading-title elementor-size-default\">26H<sup>O<\/sup> 7D<sup>O<\/sup>  4C<sup>O<\/sup> 1L<sup>O<\/sup><\/span>\t\t\t\t<\/div>\n\t\t\t\t<\/div>\n\t\t\t\t\t<\/div>\n\t\t<\/div>\n\t\t\t\t\t<\/div>\n\t\t<\/section>\n\t\t\t\t<section class=\"elementor-section elementor-top-section elementor-element elementor-element-7133a92 elementor-section-boxed elementor-section-height-default elementor-section-height-default\" data-id=\"7133a92\" data-element_type=\"section\" data-e-type=\"section\">\n\t\t\t\t\t\t<div class=\"elementor-container elementor-column-gap-default\">\n\t\t\t\t\t<div class=\"elementor-column elementor-col-16 elementor-top-column elementor-element elementor-element-0fac0c8 elementor-hidden-mobile\" data-id=\"0fac0c8\" data-element_type=\"column\" data-e-type=\"column\">\n\t\t\t<div class=\"elementor-widget-wrap\">\n\t\t\t\t\t\t\t<\/div>\n\t\t<\/div>\n\t\t\t\t<div class=\"elementor-column elementor-col-66 elementor-top-column elementor-element elementor-element-1dfd7cc\" data-id=\"1dfd7cc\" data-element_type=\"column\" data-e-type=\"column\">\n\t\t\t<div class=\"elementor-widget-wrap elementor-element-populated\">\n\t\t\t\t\t\t<div class=\"elementor-element elementor-element-25b99c7 elementor-widget elementor-widget-image\" data-id=\"25b99c7\" data-element_type=\"widget\" data-e-type=\"widget\" data-widget_type=\"image.default\">\n\t\t\t\t<div class=\"elementor-widget-container\">\n\t\t\t\t\t\t\t\t\t\t\t\t\t\t\t<img fetchpriority=\"high\" decoding=\"async\" width=\"1024\" height=\"120\" src=\"https:\/\/louishotelspro.com\/wp-content\/uploads\/2024\/11\/corfu-coordinates.png\" class=\"attachment-full size-full wp-image-15691\" alt=\"corfu coordinates\" srcset=\"https:\/\/louishotelspro.com\/wp-content\/uploads\/2024\/11\/corfu-coordinates.png 1024w, https:\/\/louishotelspro.com\/wp-content\/uploads\/2024\/11\/corfu-coordinates-300x35.png 300w, https:\/\/louishotelspro.com\/wp-content\/uploads\/2024\/11\/corfu-coordinates-768x90.png 768w\" sizes=\"(max-width: 1024px) 100vw, 1024px\" \/>\t\t\t\t\t\t\t\t\t\t\t\t\t\t\t<\/div>\n\t\t\t\t<\/div>\n\t\t\t\t<div class=\"elementor-element elementor-element-c14915a elementor-widget elementor-widget-heading\" data-id=\"c14915a\" data-element_type=\"widget\" data-e-type=\"widget\" data-widget_type=\"heading.default\">\n\t\t\t\t<div class=\"elementor-widget-container\">\n\t\t\t\t\t<h2 class=\"elementor-heading-title elementor-size-default\">EINGEBETTET IN DEN SAPPHIRBLAUEN WASSERN DES IONISCHEN MEERES GILT KORFU ALS EINE DER SCH\u00d6NSTEN IONISCHEN INSELN UND Z\u00c4HLT ZU DEN BELIEBTESTEN REISEZIELEN GRIECHENLANDS<\/h2>\t\t\t\t<\/div>\n\t\t\t\t<\/div>\n\t\t\t\t<div class=\"elementor-element elementor-element-739a7bd elementor-widget elementor-widget-text-editor\" data-id=\"739a7bd\" data-element_type=\"widget\" data-e-type=\"widget\" data-widget_type=\"text-editor.default\">\n\t\t\t\t<div class=\"elementor-widget-container\">\n\t\t\t\t\t\t\t\t\t<p>Korfus antike Wurzeln reichen in eine Zeit voller Leidenschaft und Geheimnisse zur\u00fcck, die durch die beeindruckende Vielfalt alter Denkm\u00e4ler sp\u00fcrbar werden. Die wundersch\u00f6ne K\u00fcste der Insel mit weichen Sandstr\u00e4nden und tiefblauen Wassern wird erg\u00e4nzt durch charmante D\u00f6rfer, \u00fcppige Vegetation und ein lebhaftes Nachtleben, das mit dem Sonnenuntergang erwacht.<\/p>\t\t\t\t\t\t\t\t<\/div>\n\t\t\t\t<\/div>\n\t\t\t\t\t<\/div>\n\t\t<\/div>\n\t\t\t\t<div class=\"elementor-column elementor-col-16 elementor-top-column elementor-element elementor-element-51c60b6 elementor-hidden-mobile\" data-id=\"51c60b6\" data-element_type=\"column\" data-e-type=\"column\">\n\t\t\t<div class=\"elementor-widget-wrap\">\n\t\t\t\t\t\t\t<\/div>\n\t\t<\/div>\n\t\t\t\t\t<\/div>\n\t\t<\/section>\n\t\t\t\t<\/div>\n\t\t","protected":false},"excerpt":{"rendered":"<p>26HO 7DO 4CO 1LO EINGEBETTET IN DEN SAPPHIRBLAUEN WASSERN DES IONISCHEN MEERES GILT KORFU ALS EINE DER SCH\u00d6NSTEN IONISCHEN INSELN UND Z\u00c4HLT ZU DEN BELIEBTESTEN REISEZIELEN GRIECHENLANDS Korfus antike Wurzeln reichen in eine Zeit voller Leidenschaft und Geheimnisse zur\u00fcck, die durch die beeindruckende Vielfalt alter Denkm\u00e4ler sp\u00fcrbar werden. Die wundersch\u00f6ne K\u00fcste der Insel mit weichen [&hellip;]<\/p>\n","protected":false},"author":6,"featured_media":15681,"parent":15505,"menu_order":0,"comment_status":"closed","ping_status":"closed","template":"","meta":{"_acf_changed":false,"footnotes":""},"class_list":["post-15754","page","type-page","status-publish","has-post-thumbnail","hentry"],"acf":[],"yoast_head":"<!-- This site is optimized with the Yoast SEO plugin v27.1.1 - https:\/\/yoast.com\/product\/yoast-seo-wordpress\/ -->\n<title>Korfu<\/title>\n<meta name=\"description\" content=\"Korfus antike Wurzeln reichen in eine Zeit voller Leidenschaft und Geheimnisse zur\u00fcck, die durch die beeindruckende Vielfalt alter Denkm\u00e4ler sp\u00fcrbar werden.\" \/>\n<meta name=\"robots\" content=\"index, follow, max-snippet:-1, max-image-preview:large, max-video-preview:-1\" \/>\n<link rel=\"canonical\" href=\"https:\/\/louishotelspro.com\/ru\/destinations\/corfu\/\" \/>\n<meta property=\"og:locale\" content=\"de_DE\" \/>\n<meta property=\"og:type\" content=\"article\" \/>\n<meta property=\"og:title\" content=\"Korfu\" \/>\n<meta property=\"og:description\" content=\"Korfus antike Wurzeln reichen in eine Zeit voller Leidenschaft und Geheimnisse zur\u00fcck, die durch die beeindruckende Vielfalt alter Denkm\u00e4ler sp\u00fcrbar werden.\" \/>\n<meta property=\"og:url\" content=\"https:\/\/louishotelspro.com\/ru\/destinations\/corfu\/\" \/>\n<meta property=\"og:site_name\" content=\"Louis Hotels Pro\" \/>\n<meta property=\"article:modified_time\" content=\"2024-11-05T07:00:06+00:00\" \/>\n<meta property=\"og:image\" content=\"https:\/\/louishotelspro.com\/wp-content\/uploads\/2024\/11\/corfu-4.jpg\" \/>\n\t<meta property=\"og:image:width\" content=\"1920\" \/>\n\t<meta property=\"og:image:height\" content=\"1080\" \/>\n\t<meta property=\"og:image:type\" content=\"image\/jpeg\" \/>\n<meta name=\"twitter:card\" content=\"summary_large_image\" \/>\n<meta name=\"twitter:label1\" content=\"Gesch\u00e4tzte Lesezeit\" \/>\n\t<meta name=\"twitter:data1\" content=\"1\u00a0Minute\" \/>\n<script type=\"application\/ld+json\" class=\"yoast-schema-graph\">{\"@context\":\"https:\/\/schema.org\",\"@graph\":[{\"@type\":\"WebPage\",\"@id\":\"https:\/\/louishotelspro.com\/ru\/destinations\/corfu\/\",\"url\":\"https:\/\/louishotelspro.com\/ru\/destinations\/corfu\/\",\"name\":\"Korfu\",\"isPartOf\":{\"@id\":\"https:\/\/louishotelspro.com\/#website\"},\"primaryImageOfPage\":{\"@id\":\"https:\/\/louishotelspro.com\/ru\/destinations\/corfu\/#primaryimage\"},\"image\":{\"@id\":\"https:\/\/louishotelspro.com\/ru\/destinations\/corfu\/#primaryimage\"},\"thumbnailUrl\":\"https:\/\/louishotelspro.com\/wp-content\/uploads\/2024\/11\/corfu-4.jpg\",\"datePublished\":\"2024-11-03T17:38:41+00:00\",\"dateModified\":\"2024-11-05T07:00:06+00:00\",\"description\":\"Korfus antike Wurzeln reichen in eine Zeit voller Leidenschaft und Geheimnisse zur\u00fcck, die durch die beeindruckende Vielfalt alter Denkm\u00e4ler sp\u00fcrbar werden.\",\"breadcrumb\":{\"@id\":\"https:\/\/louishotelspro.com\/ru\/destinations\/corfu\/#breadcrumb\"},\"inLanguage\":\"de\",\"potentialAction\":[{\"@type\":\"ReadAction\",\"target\":[\"https:\/\/louishotelspro.com\/ru\/destinations\/corfu\/\"]}]},{\"@type\":\"ImageObject\",\"inLanguage\":\"de\",\"@id\":\"https:\/\/louishotelspro.com\/ru\/destinations\/corfu\/#primaryimage\",\"url\":\"https:\/\/louishotelspro.com\/wp-content\/uploads\/2024\/11\/corfu-4.jpg\",\"contentUrl\":\"https:\/\/louishotelspro.com\/wp-content\/uploads\/2024\/11\/corfu-4.jpg\",\"width\":1920,\"height\":1080,\"caption\":\"corfu\"},{\"@type\":\"BreadcrumbList\",\"@id\":\"https:\/\/louishotelspro.com\/ru\/destinations\/corfu\/#breadcrumb\",\"itemListElement\":[{\"@type\":\"ListItem\",\"position\":1,\"name\":\"Home\",\"item\":\"https:\/\/louishotelspro.com\/ru\/\"},{\"@type\":\"ListItem\",\"position\":2,\"name\":\"Reiseziele\",\"item\":\"https:\/\/louishotelspro.com\/ru\/destinations\/\"},{\"@type\":\"ListItem\",\"position\":3,\"name\":\"Korfu\"}]},{\"@type\":\"WebSite\",\"@id\":\"https:\/\/louishotelspro.com\/#website\",\"url\":\"https:\/\/louishotelspro.com\/\",\"name\":\"Louis Hotels Pro\",\"description\":\"Just another WordPress site\",\"publisher\":{\"@id\":\"https:\/\/louishotelspro.com\/#organization\"},\"potentialAction\":[{\"@type\":\"SearchAction\",\"target\":{\"@type\":\"EntryPoint\",\"urlTemplate\":\"https:\/\/louishotelspro.com\/?s={search_term_string}\"},\"query-input\":{\"@type\":\"PropertyValueSpecification\",\"valueRequired\":true,\"valueName\":\"search_term_string\"}}],\"inLanguage\":\"de\"},{\"@type\":\"Organization\",\"@id\":\"https:\/\/louishotelspro.com\/#organization\",\"name\":\"Louis Hotels\",\"url\":\"https:\/\/louishotelspro.com\/\",\"logo\":{\"@type\":\"ImageObject\",\"inLanguage\":\"de\",\"@id\":\"https:\/\/louishotelspro.com\/#\/schema\/logo\/image\/\",\"url\":\"https:\/\/louishotelspro.com\/wp-content\/uploads\/2018\/04\/logo-w.png\",\"contentUrl\":\"https:\/\/louishotelspro.com\/wp-content\/uploads\/2018\/04\/logo-w.png\",\"width\":380,\"height\":36,\"caption\":\"Louis Hotels\"},\"image\":{\"@id\":\"https:\/\/louishotelspro.com\/#\/schema\/logo\/image\/\"}}]}<\/script>\n<!-- \/ Yoast SEO plugin. -->","yoast_head_json":{"title":"Korfu","description":"Korfus antike Wurzeln reichen in eine Zeit voller Leidenschaft und Geheimnisse zur\u00fcck, die durch die beeindruckende Vielfalt alter Denkm\u00e4ler sp\u00fcrbar werden.","robots":{"index":"index","follow":"follow","max-snippet":"max-snippet:-1","max-image-preview":"max-image-preview:large","max-video-preview":"max-video-preview:-1"},"canonical":"https:\/\/louishotelspro.com\/ru\/destinations\/corfu\/","og_locale":"de_DE","og_type":"article","og_title":"Korfu","og_description":"Korfus antike Wurzeln reichen in eine Zeit voller Leidenschaft und Geheimnisse zur\u00fcck, die durch die beeindruckende Vielfalt alter Denkm\u00e4ler sp\u00fcrbar werden.","og_url":"https:\/\/louishotelspro.com\/ru\/destinations\/corfu\/","og_site_name":"Louis Hotels Pro","article_modified_time":"2024-11-05T07:00:06+00:00","og_image":[{"width":1920,"height":1080,"url":"https:\/\/louishotelspro.com\/wp-content\/uploads\/2024\/11\/corfu-4.jpg","type":"image\/jpeg"}],"twitter_card":"summary_large_image","twitter_misc":{"Gesch\u00e4tzte Lesezeit":"1\u00a0Minute"},"schema":{"@context":"https:\/\/schema.org","@graph":[{"@type":"WebPage","@id":"https:\/\/louishotelspro.com\/ru\/destinations\/corfu\/","url":"https:\/\/louishotelspro.com\/ru\/destinations\/corfu\/","name":"Korfu","isPartOf":{"@id":"https:\/\/louishotelspro.com\/#website"},"primaryImageOfPage":{"@id":"https:\/\/louishotelspro.com\/ru\/destinations\/corfu\/#primaryimage"},"image":{"@id":"https:\/\/louishotelspro.com\/ru\/destinations\/corfu\/#primaryimage"},"thumbnailUrl":"https:\/\/louishotelspro.com\/wp-content\/uploads\/2024\/11\/corfu-4.jpg","datePublished":"2024-11-03T17:38:41+00:00","dateModified":"2024-11-05T07:00:06+00:00","description":"Korfus antike Wurzeln reichen in eine Zeit voller Leidenschaft und Geheimnisse zur\u00fcck, die durch die beeindruckende Vielfalt alter Denkm\u00e4ler sp\u00fcrbar werden.","breadcrumb":{"@id":"https:\/\/louishotelspro.com\/ru\/destinations\/corfu\/#breadcrumb"},"inLanguage":"de","potentialAction":[{"@type":"ReadAction","target":["https:\/\/louishotelspro.com\/ru\/destinations\/corfu\/"]}]},{"@type":"ImageObject","inLanguage":"de","@id":"https:\/\/louishotelspro.com\/ru\/destinations\/corfu\/#primaryimage","url":"https:\/\/louishotelspro.com\/wp-content\/uploads\/2024\/11\/corfu-4.jpg","contentUrl":"https:\/\/louishotelspro.com\/wp-content\/uploads\/2024\/11\/corfu-4.jpg","width":1920,"height":1080,"caption":"corfu"},{"@type":"BreadcrumbList","@id":"https:\/\/louishotelspro.com\/ru\/destinations\/corfu\/#breadcrumb","itemListElement":[{"@type":"ListItem","position":1,"name":"Home","item":"https:\/\/louishotelspro.com\/ru\/"},{"@type":"ListItem","position":2,"name":"Reiseziele","item":"https:\/\/louishotelspro.com\/ru\/destinations\/"},{"@type":"ListItem","position":3,"name":"Korfu"}]},{"@type":"WebSite","@id":"https:\/\/louishotelspro.com\/#website","url":"https:\/\/louishotelspro.com\/","name":"Louis Hotels Pro","description":"Just another WordPress site","publisher":{"@id":"https:\/\/louishotelspro.com\/#organization"},"potentialAction":[{"@type":"SearchAction","target":{"@type":"EntryPoint","urlTemplate":"https:\/\/louishotelspro.com\/?s={search_term_string}"},"query-input":{"@type":"PropertyValueSpecification","valueRequired":true,"valueName":"search_term_string"}}],"inLanguage":"de"},{"@type":"Organization","@id":"https:\/\/louishotelspro.com\/#organization","name":"Louis Hotels","url":"https:\/\/louishotelspro.com\/","logo":{"@type":"ImageObject","inLanguage":"de","@id":"https:\/\/louishotelspro.com\/#\/schema\/logo\/image\/","url":"https:\/\/louishotelspro.com\/wp-content\/uploads\/2018\/04\/logo-w.png","contentUrl":"https:\/\/louishotelspro.com\/wp-content\/uploads\/2018\/04\/logo-w.png","width":380,"height":36,"caption":"Louis Hotels"},"image":{"@id":"https:\/\/louishotelspro.com\/#\/schema\/logo\/image\/"}}]}},"_links":{"self":[{"href":"https:\/\/louishotelspro.com\/de\/wp-json\/wp\/v2\/pages\/15754","targetHints":{"allow":["GET"]}}],"collection":[{"href":"https:\/\/louishotelspro.com\/de\/wp-json\/wp\/v2\/pages"}],"about":[{"href":"https:\/\/louishotelspro.com\/de\/wp-json\/wp\/v2\/types\/page"}],"author":[{"embeddable":true,"href":"https:\/\/louishotelspro.com\/de\/wp-json\/wp\/v2\/users\/6"}],"replies":[{"embeddable":true,"href":"https:\/\/louishotelspro.com\/de\/wp-json\/wp\/v2\/comments?post=15754"}],"version-history":[{"count":0,"href":"https:\/\/louishotelspro.com\/de\/wp-json\/wp\/v2\/pages\/15754\/revisions"}],"up":[{"embeddable":true,"href":"https:\/\/louishotelspro.com\/de\/wp-json\/wp\/v2\/pages\/15505"}],"wp:featuredmedia":[{"embeddable":true,"href":"https:\/\/louishotelspro.com\/de\/wp-json\/wp\/v2\/media\/15681"}],"wp:attachment":[{"href":"https:\/\/louishotelspro.com\/de\/wp-json\/wp\/v2\/media?parent=15754"}],"curies":[{"name":"wp","href":"https:\/\/api.w.org\/{rel}","templated":true}]}}