{"id":15751,"date":"2024-11-03T19:47:21","date_gmt":"2024-11-03T17:47:21","guid":{"rendered":"https:\/\/louishotelspro.com\/destinations\/cyprus\/"},"modified":"2024-11-05T08:59:20","modified_gmt":"2024-11-05T06:59:20","slug":"cyprus","status":"publish","type":"page","link":"https:\/\/louishotelspro.com\/de\/destinations\/cyprus\/","title":{"rendered":"Zypern"},"content":{"rendered":"\t\t<div data-elementor-type=\"wp-post\" data-elementor-id=\"15751\" class=\"elementor elementor-15751 elementor-15618\" data-elementor-post-type=\"page\">\n\t\t\t\t\t\t<section class=\"elementor-section elementor-top-section elementor-element elementor-element-2c67051 elementor-section-height-min-height elementor-section-boxed elementor-section-height-default elementor-section-items-middle\" data-id=\"2c67051\" data-element_type=\"section\" data-e-type=\"section\" data-settings=\"{&quot;background_background&quot;:&quot;classic&quot;}\">\n\t\t\t\t\t\t<div class=\"elementor-container elementor-column-gap-default\">\n\t\t\t\t\t<div class=\"elementor-column elementor-col-100 elementor-top-column elementor-element elementor-element-f1de85d\" data-id=\"f1de85d\" data-element_type=\"column\" data-e-type=\"column\">\n\t\t\t<div class=\"elementor-widget-wrap elementor-element-populated\">\n\t\t\t\t\t\t<div class=\"elementor-element elementor-element-6b355d6 elementor-widget elementor-widget-heading\" data-id=\"6b355d6\" data-element_type=\"widget\" data-e-type=\"widget\" data-widget_type=\"heading.default\">\n\t\t\t\t<div class=\"elementor-widget-container\">\n\t\t\t\t\t<span class=\"elementor-heading-title elementor-size-default\">26H<sup>O<\/sup> 7D<sup>O<\/sup>  4C<sup>O<\/sup> 1L<sup>O<\/sup><\/span>\t\t\t\t<\/div>\n\t\t\t\t<\/div>\n\t\t\t\t\t<\/div>\n\t\t<\/div>\n\t\t\t\t\t<\/div>\n\t\t<\/section>\n\t\t\t\t<section class=\"elementor-section elementor-top-section elementor-element elementor-element-7133a92 elementor-section-boxed elementor-section-height-default elementor-section-height-default\" data-id=\"7133a92\" data-element_type=\"section\" data-e-type=\"section\">\n\t\t\t\t\t\t<div class=\"elementor-container elementor-column-gap-default\">\n\t\t\t\t\t<div class=\"elementor-column elementor-col-16 elementor-top-column elementor-element elementor-element-0fac0c8 elementor-hidden-mobile\" data-id=\"0fac0c8\" data-element_type=\"column\" data-e-type=\"column\">\n\t\t\t<div class=\"elementor-widget-wrap\">\n\t\t\t\t\t\t\t<\/div>\n\t\t<\/div>\n\t\t\t\t<div class=\"elementor-column elementor-col-66 elementor-top-column elementor-element elementor-element-1dfd7cc\" data-id=\"1dfd7cc\" data-element_type=\"column\" data-e-type=\"column\">\n\t\t\t<div class=\"elementor-widget-wrap elementor-element-populated\">\n\t\t\t\t\t\t<div class=\"elementor-element elementor-element-f96dc9c elementor-widget elementor-widget-image\" data-id=\"f96dc9c\" data-element_type=\"widget\" data-e-type=\"widget\" data-widget_type=\"image.default\">\n\t\t\t\t<div class=\"elementor-widget-container\">\n\t\t\t\t\t\t\t\t\t\t\t\t\t\t\t<img fetchpriority=\"high\" decoding=\"async\" width=\"927\" height=\"94\" src=\"https:\/\/louishotelspro.com\/wp-content\/uploads\/2024\/11\/Cyprus-coordinates.png\" class=\"attachment-full size-full wp-image-15639\" alt=\"\" srcset=\"https:\/\/louishotelspro.com\/wp-content\/uploads\/2024\/11\/Cyprus-coordinates.png 927w, https:\/\/louishotelspro.com\/wp-content\/uploads\/2024\/11\/Cyprus-coordinates-300x30.png 300w, https:\/\/louishotelspro.com\/wp-content\/uploads\/2024\/11\/Cyprus-coordinates-768x78.png 768w\" sizes=\"(max-width: 927px) 100vw, 927px\" \/>\t\t\t\t\t\t\t\t\t\t\t\t\t\t\t<\/div>\n\t\t\t\t<\/div>\n\t\t\t\t<div class=\"elementor-element elementor-element-c14915a elementor-widget elementor-widget-heading\" data-id=\"c14915a\" data-element_type=\"widget\" data-e-type=\"widget\" data-widget_type=\"heading.default\">\n\t\t\t\t<div class=\"elementor-widget-container\">\n\t\t\t\t\t<h2 class=\"elementor-heading-title elementor-size-default\">MIT SEINEN FUNKELNDEN MEERESWASSERN, WUNDERSCH\u00d6NEN STR\u00c4NDEN MIT BLAUER FLAGGE UND MAJEST\u00c4TISCHEN BERGLANDSCHAFTEN IST ZYPERN EIN BELIEBTES REISEZIEL<\/h2>\t\t\t\t<\/div>\n\t\t\t\t<\/div>\n\t\t\t\t<div class=\"elementor-element elementor-element-739a7bd elementor-widget elementor-widget-text-editor\" data-id=\"739a7bd\" data-element_type=\"widget\" data-e-type=\"widget\" data-widget_type=\"text-editor.default\">\n\t\t\t\t<div class=\"elementor-widget-container\">\n\t\t\t\t\t\t\t\t\t<p>Zypern ist das ideale Reiseziel im Mittelmeer und die perfekte Insel, um dem Alltag vollst\u00e4ndig zu entfliehen. Es bietet eine verf\u00fchrerische Mischung aus traditionellen Elementen, antiken Monumenten und authentischer K\u00fcche, kombiniert mit einem modernen Flair.<\/p><p>Von Strandliebhabern und Naturfreunden bis hin zu Kulturliebhabern und Partyg\u00e4ngern \u2013 hier findet jeder das Passende.<\/p><p><strong>Paphos \/ Polis Chrysochous<\/strong><br \/>Als Spielplatz der Aphrodite ist Paphos von Geschichte und Mythologie durchdrungen und gesegnet mit einigen der sch\u00f6nsten Naturwunder der Insel, was es ideal zum Erkunden macht \u2013 sowohl entlang der goldenen K\u00fcste als auch im Landesinneren. Der kleine Hafen ist ein UNESCO-Weltkulturerbe und bietet eine Vielzahl antiker Monumente. Am Rand der Altstadt er\u00f6ffnet sich zudem ein moderneres Ambiente.<\/p><p><em>Hotels: Cali Resort &amp; Spa 5* | Ivi Mare 5* | King Jason Paphos 4*PLUS | Polis 1907<\/em><br \/><em>Louis Paphos Breeze 4*PLUS | Louis Phaethon Beach 4* | Louis Imperial Beach 4*PLUS<\/em><br \/><em>Louis Ledra Beach 4*PLUS | Sofianna Resort &amp; Spa 4*<\/em><\/p><p><strong>Limassol<\/strong><br \/>Zwischen zwei antiken St\u00e4dten gelegen, erstreckt sich der Bezirk Limassol von der langen, sandigen K\u00fcste bis hin zu den gr\u00fcn bewachsenen Berggipfeln, die mit charmanten D\u00f6rfern durchzogen sind. Diese lebhafte Stadt gilt als die kosmopolitischste und fortschrittlichste der Insel, bekannt f\u00fcr ihren ansteckenden, festlichen Geist, elegantes Nachtleben, hervorragende Gastronomie und Einkaufsm\u00f6glichkeiten sowie eine F\u00fclle moderner Freizeit- und Unterhaltungsangebote.<\/p><p><em>Hotel: Royal Apollonia 5*<\/em><\/p><p><strong>Protaras<\/strong><br \/>Protaras ist bekannt f\u00fcr die sch\u00f6nsten Str\u00e4nde der Insel und bietet eine K\u00fcste aus puderfeinem, wei\u00dfen Sand und kristallklarem Wasser. Die lebendige kleine Stadt pulsiert Tag und Nacht mit Bars und traditionellen Restaurants. Hier wird ein sonniger Urlaub mit dem traditionellen Charme Zyperns vereint, was Protaras ideal f\u00fcr alle Altersgruppen macht.<\/p><p><em>Hotels: King Jason Protaras 4*PLUS | Infinity Blu 4*PLUS | Louis St. Elias Resort 4*PLUS | Louis Althea Beach 4*<br \/>Louis Nausicaa Beach 4*PLUS | Nausicaa Luxury Villas | Althea Kalamies Luxury Villas | Chris Le Mare Luxury Villa | Chris Le Mare Gold Luxury Villa | Lora Pearl Luxury Villa<\/em><\/p>\t\t\t\t\t\t\t\t<\/div>\n\t\t\t\t<\/div>\n\t\t\t\t\t<\/div>\n\t\t<\/div>\n\t\t\t\t<div class=\"elementor-column elementor-col-16 elementor-top-column elementor-element elementor-element-51c60b6 elementor-hidden-mobile\" data-id=\"51c60b6\" data-element_type=\"column\" data-e-type=\"column\">\n\t\t\t<div class=\"elementor-widget-wrap\">\n\t\t\t\t\t\t\t<\/div>\n\t\t<\/div>\n\t\t\t\t\t<\/div>\n\t\t<\/section>\n\t\t\t\t<\/div>\n\t\t","protected":false},"excerpt":{"rendered":"<p>26HO 7DO 4CO 1LO MIT SEINEN FUNKELNDEN MEERESWASSERN, WUNDERSCH\u00d6NEN STR\u00c4NDEN MIT BLAUER FLAGGE UND MAJEST\u00c4TISCHEN BERGLANDSCHAFTEN IST ZYPERN EIN BELIEBTES REISEZIEL Zypern ist das ideale Reiseziel im Mittelmeer und die perfekte Insel, um dem Alltag vollst\u00e4ndig zu entfliehen. Es bietet eine verf\u00fchrerische Mischung aus traditionellen Elementen, antiken Monumenten und authentischer K\u00fcche, kombiniert mit einem modernen [&hellip;]<\/p>\n","protected":false},"author":6,"featured_media":15633,"parent":15505,"menu_order":0,"comment_status":"closed","ping_status":"closed","template":"","meta":{"_acf_changed":false,"footnotes":""},"class_list":["post-15751","page","type-page","status-publish","has-post-thumbnail","hentry"],"acf":[],"yoast_head":"<!-- This site is optimized with the Yoast SEO plugin v27.1.1 - https:\/\/yoast.com\/product\/yoast-seo-wordpress\/ -->\n<title>Zypern<\/title>\n<meta name=\"description\" content=\"Zypern ist das perfekte Mittelmeer-Reiseziel und ideal, um dem Alltag zu entfliehen. Eine verf\u00fchrerische Mischung aus Tradition, antiken Monumenten und authentischer K\u00fcche trifft auf modernes Flair.\" \/>\n<meta name=\"robots\" content=\"index, follow, max-snippet:-1, max-image-preview:large, max-video-preview:-1\" \/>\n<link rel=\"canonical\" href=\"https:\/\/louishotelspro.com\/de\/destinations\/cyprus\/\" \/>\n<meta property=\"og:locale\" content=\"de_DE\" \/>\n<meta property=\"og:type\" content=\"article\" \/>\n<meta property=\"og:title\" content=\"Zypern\" \/>\n<meta property=\"og:description\" content=\"Zypern ist das perfekte Mittelmeer-Reiseziel und ideal, um dem Alltag zu entfliehen. Eine verf\u00fchrerische Mischung aus Tradition, antiken Monumenten und authentischer K\u00fcche trifft auf modernes Flair.\" \/>\n<meta property=\"og:url\" content=\"https:\/\/louishotelspro.com\/de\/destinations\/cyprus\/\" \/>\n<meta property=\"og:site_name\" content=\"Louis Hotels Pro\" \/>\n<meta property=\"article:modified_time\" content=\"2024-11-05T06:59:20+00:00\" \/>\n<meta property=\"og:image\" content=\"https:\/\/louishotelspro.com\/wp-content\/uploads\/2024\/11\/cyprus-4.jpg\" \/>\n\t<meta property=\"og:image:width\" content=\"1920\" \/>\n\t<meta property=\"og:image:height\" content=\"1080\" \/>\n\t<meta property=\"og:image:type\" content=\"image\/jpeg\" \/>\n<meta name=\"twitter:card\" content=\"summary_large_image\" \/>\n<meta name=\"twitter:label1\" content=\"Gesch\u00e4tzte Lesezeit\" \/>\n\t<meta name=\"twitter:data1\" content=\"3\u00a0Minuten\" \/>\n<script type=\"application\/ld+json\" class=\"yoast-schema-graph\">{\"@context\":\"https:\/\/schema.org\",\"@graph\":[{\"@type\":\"WebPage\",\"@id\":\"https:\/\/louishotelspro.com\/de\/destinations\/cyprus\/\",\"url\":\"https:\/\/louishotelspro.com\/de\/destinations\/cyprus\/\",\"name\":\"Zypern\",\"isPartOf\":{\"@id\":\"https:\/\/louishotelspro.com\/#website\"},\"primaryImageOfPage\":{\"@id\":\"https:\/\/louishotelspro.com\/de\/destinations\/cyprus\/#primaryimage\"},\"image\":{\"@id\":\"https:\/\/louishotelspro.com\/de\/destinations\/cyprus\/#primaryimage\"},\"thumbnailUrl\":\"https:\/\/louishotelspro.com\/wp-content\/uploads\/2024\/11\/cyprus-4.jpg\",\"datePublished\":\"2024-11-03T17:47:21+00:00\",\"dateModified\":\"2024-11-05T06:59:20+00:00\",\"description\":\"Zypern ist das perfekte Mittelmeer-Reiseziel und ideal, um dem Alltag zu entfliehen. Eine verf\u00fchrerische Mischung aus Tradition, antiken Monumenten und authentischer K\u00fcche trifft auf modernes Flair.\",\"breadcrumb\":{\"@id\":\"https:\/\/louishotelspro.com\/de\/destinations\/cyprus\/#breadcrumb\"},\"inLanguage\":\"de\",\"potentialAction\":[{\"@type\":\"ReadAction\",\"target\":[\"https:\/\/louishotelspro.com\/de\/destinations\/cyprus\/\"]}]},{\"@type\":\"ImageObject\",\"inLanguage\":\"de\",\"@id\":\"https:\/\/louishotelspro.com\/de\/destinations\/cyprus\/#primaryimage\",\"url\":\"https:\/\/louishotelspro.com\/wp-content\/uploads\/2024\/11\/cyprus-4.jpg\",\"contentUrl\":\"https:\/\/louishotelspro.com\/wp-content\/uploads\/2024\/11\/cyprus-4.jpg\",\"width\":1920,\"height\":1080,\"caption\":\"cyprus\"},{\"@type\":\"BreadcrumbList\",\"@id\":\"https:\/\/louishotelspro.com\/de\/destinations\/cyprus\/#breadcrumb\",\"itemListElement\":[{\"@type\":\"ListItem\",\"position\":1,\"name\":\"Home\",\"item\":\"https:\/\/louishotelspro.com\/ru\/\"},{\"@type\":\"ListItem\",\"position\":2,\"name\":\"Reiseziele\",\"item\":\"https:\/\/louishotelspro.com\/ru\/destinations\/\"},{\"@type\":\"ListItem\",\"position\":3,\"name\":\"Zypern\"}]},{\"@type\":\"WebSite\",\"@id\":\"https:\/\/louishotelspro.com\/#website\",\"url\":\"https:\/\/louishotelspro.com\/\",\"name\":\"Louis Hotels Pro\",\"description\":\"Just another WordPress site\",\"publisher\":{\"@id\":\"https:\/\/louishotelspro.com\/#organization\"},\"potentialAction\":[{\"@type\":\"SearchAction\",\"target\":{\"@type\":\"EntryPoint\",\"urlTemplate\":\"https:\/\/louishotelspro.com\/?s={search_term_string}\"},\"query-input\":{\"@type\":\"PropertyValueSpecification\",\"valueRequired\":true,\"valueName\":\"search_term_string\"}}],\"inLanguage\":\"de\"},{\"@type\":\"Organization\",\"@id\":\"https:\/\/louishotelspro.com\/#organization\",\"name\":\"Louis Hotels\",\"url\":\"https:\/\/louishotelspro.com\/\",\"logo\":{\"@type\":\"ImageObject\",\"inLanguage\":\"de\",\"@id\":\"https:\/\/louishotelspro.com\/#\/schema\/logo\/image\/\",\"url\":\"https:\/\/louishotelspro.com\/wp-content\/uploads\/2018\/04\/logo-w.png\",\"contentUrl\":\"https:\/\/louishotelspro.com\/wp-content\/uploads\/2018\/04\/logo-w.png\",\"width\":380,\"height\":36,\"caption\":\"Louis Hotels\"},\"image\":{\"@id\":\"https:\/\/louishotelspro.com\/#\/schema\/logo\/image\/\"}}]}<\/script>\n<!-- \/ Yoast SEO plugin. -->","yoast_head_json":{"title":"Zypern","description":"Zypern ist das perfekte Mittelmeer-Reiseziel und ideal, um dem Alltag zu entfliehen. Eine verf\u00fchrerische Mischung aus Tradition, antiken Monumenten und authentischer K\u00fcche trifft auf modernes Flair.","robots":{"index":"index","follow":"follow","max-snippet":"max-snippet:-1","max-image-preview":"max-image-preview:large","max-video-preview":"max-video-preview:-1"},"canonical":"https:\/\/louishotelspro.com\/de\/destinations\/cyprus\/","og_locale":"de_DE","og_type":"article","og_title":"Zypern","og_description":"Zypern ist das perfekte Mittelmeer-Reiseziel und ideal, um dem Alltag zu entfliehen. Eine verf\u00fchrerische Mischung aus Tradition, antiken Monumenten und authentischer K\u00fcche trifft auf modernes Flair.","og_url":"https:\/\/louishotelspro.com\/de\/destinations\/cyprus\/","og_site_name":"Louis Hotels Pro","article_modified_time":"2024-11-05T06:59:20+00:00","og_image":[{"width":1920,"height":1080,"url":"https:\/\/louishotelspro.com\/wp-content\/uploads\/2024\/11\/cyprus-4.jpg","type":"image\/jpeg"}],"twitter_card":"summary_large_image","twitter_misc":{"Gesch\u00e4tzte Lesezeit":"3\u00a0Minuten"},"schema":{"@context":"https:\/\/schema.org","@graph":[{"@type":"WebPage","@id":"https:\/\/louishotelspro.com\/de\/destinations\/cyprus\/","url":"https:\/\/louishotelspro.com\/de\/destinations\/cyprus\/","name":"Zypern","isPartOf":{"@id":"https:\/\/louishotelspro.com\/#website"},"primaryImageOfPage":{"@id":"https:\/\/louishotelspro.com\/de\/destinations\/cyprus\/#primaryimage"},"image":{"@id":"https:\/\/louishotelspro.com\/de\/destinations\/cyprus\/#primaryimage"},"thumbnailUrl":"https:\/\/louishotelspro.com\/wp-content\/uploads\/2024\/11\/cyprus-4.jpg","datePublished":"2024-11-03T17:47:21+00:00","dateModified":"2024-11-05T06:59:20+00:00","description":"Zypern ist das perfekte Mittelmeer-Reiseziel und ideal, um dem Alltag zu entfliehen. Eine verf\u00fchrerische Mischung aus Tradition, antiken Monumenten und authentischer K\u00fcche trifft auf modernes Flair.","breadcrumb":{"@id":"https:\/\/louishotelspro.com\/de\/destinations\/cyprus\/#breadcrumb"},"inLanguage":"de","potentialAction":[{"@type":"ReadAction","target":["https:\/\/louishotelspro.com\/de\/destinations\/cyprus\/"]}]},{"@type":"ImageObject","inLanguage":"de","@id":"https:\/\/louishotelspro.com\/de\/destinations\/cyprus\/#primaryimage","url":"https:\/\/louishotelspro.com\/wp-content\/uploads\/2024\/11\/cyprus-4.jpg","contentUrl":"https:\/\/louishotelspro.com\/wp-content\/uploads\/2024\/11\/cyprus-4.jpg","width":1920,"height":1080,"caption":"cyprus"},{"@type":"BreadcrumbList","@id":"https:\/\/louishotelspro.com\/de\/destinations\/cyprus\/#breadcrumb","itemListElement":[{"@type":"ListItem","position":1,"name":"Home","item":"https:\/\/louishotelspro.com\/ru\/"},{"@type":"ListItem","position":2,"name":"Reiseziele","item":"https:\/\/louishotelspro.com\/ru\/destinations\/"},{"@type":"ListItem","position":3,"name":"Zypern"}]},{"@type":"WebSite","@id":"https:\/\/louishotelspro.com\/#website","url":"https:\/\/louishotelspro.com\/","name":"Louis Hotels Pro","description":"Just another WordPress site","publisher":{"@id":"https:\/\/louishotelspro.com\/#organization"},"potentialAction":[{"@type":"SearchAction","target":{"@type":"EntryPoint","urlTemplate":"https:\/\/louishotelspro.com\/?s={search_term_string}"},"query-input":{"@type":"PropertyValueSpecification","valueRequired":true,"valueName":"search_term_string"}}],"inLanguage":"de"},{"@type":"Organization","@id":"https:\/\/louishotelspro.com\/#organization","name":"Louis Hotels","url":"https:\/\/louishotelspro.com\/","logo":{"@type":"ImageObject","inLanguage":"de","@id":"https:\/\/louishotelspro.com\/#\/schema\/logo\/image\/","url":"https:\/\/louishotelspro.com\/wp-content\/uploads\/2018\/04\/logo-w.png","contentUrl":"https:\/\/louishotelspro.com\/wp-content\/uploads\/2018\/04\/logo-w.png","width":380,"height":36,"caption":"Louis Hotels"},"image":{"@id":"https:\/\/louishotelspro.com\/#\/schema\/logo\/image\/"}}]}},"_links":{"self":[{"href":"https:\/\/louishotelspro.com\/de\/wp-json\/wp\/v2\/pages\/15751","targetHints":{"allow":["GET"]}}],"collection":[{"href":"https:\/\/louishotelspro.com\/de\/wp-json\/wp\/v2\/pages"}],"about":[{"href":"https:\/\/louishotelspro.com\/de\/wp-json\/wp\/v2\/types\/page"}],"author":[{"embeddable":true,"href":"https:\/\/louishotelspro.com\/de\/wp-json\/wp\/v2\/users\/6"}],"replies":[{"embeddable":true,"href":"https:\/\/louishotelspro.com\/de\/wp-json\/wp\/v2\/comments?post=15751"}],"version-history":[{"count":0,"href":"https:\/\/louishotelspro.com\/de\/wp-json\/wp\/v2\/pages\/15751\/revisions"}],"up":[{"embeddable":true,"href":"https:\/\/louishotelspro.com\/de\/wp-json\/wp\/v2\/pages\/15505"}],"wp:featuredmedia":[{"embeddable":true,"href":"https:\/\/louishotelspro.com\/de\/wp-json\/wp\/v2\/media\/15633"}],"wp:attachment":[{"href":"https:\/\/louishotelspro.com\/de\/wp-json\/wp\/v2\/media?parent=15751"}],"curies":[{"name":"wp","href":"https:\/\/api.w.org\/{rel}","templated":true}]}}