{"id":15161,"date":"2018-08-31T06:52:12","date_gmt":"2018-08-31T06:52:12","guid":{"rendered":"https:\/\/louishotelspro.com\/our-blog\/"},"modified":"2025-10-31T10:34:26","modified_gmt":"2025-10-31T08:34:26","slug":"our-blog","status":"publish","type":"page","link":"https:\/\/louishotelspro.com\/de\/our-blog\/","title":{"rendered":"Blog"},"content":{"rendered":"\t\t<div data-elementor-type=\"wp-post\" data-elementor-id=\"15161\" class=\"elementor elementor-15161 elementor-281\" data-elementor-post-type=\"page\">\n\t\t\t\t\t\t<section class=\"elementor-section elementor-top-section elementor-element elementor-element-3d36dab elementor-section-height-min-height elementor-section-boxed elementor-section-height-default elementor-section-items-middle\" data-id=\"3d36dab\" data-element_type=\"section\" data-e-type=\"section\" data-settings=\"{&quot;background_background&quot;:&quot;classic&quot;}\">\n\t\t\t\t\t\t<div class=\"elementor-container elementor-column-gap-default\">\n\t\t\t\t\t<div class=\"elementor-column elementor-col-100 elementor-top-column elementor-element elementor-element-50cb72d\" data-id=\"50cb72d\" data-element_type=\"column\" data-e-type=\"column\">\n\t\t\t<div class=\"elementor-widget-wrap elementor-element-populated\">\n\t\t\t\t\t\t<div class=\"elementor-element elementor-element-365034b elementor-widget elementor-widget-heading\" data-id=\"365034b\" data-element_type=\"widget\" data-e-type=\"widget\" data-widget_type=\"heading.default\">\n\t\t\t\t<div class=\"elementor-widget-container\">\n\t\t\t\t\t<span class=\"elementor-heading-title elementor-size-default\">26H<sup>O<\/sup> 7D<sup>O<\/sup> 3C<sup>O<\/sup> 1L<sup>O<\/sup><\/span>\t\t\t\t<\/div>\n\t\t\t\t<\/div>\n\t\t\t\t<div class=\"elementor-element elementor-element-65bc560 elementor-widget__width-auto elementor-widget elementor-widget-heading\" data-id=\"65bc560\" data-element_type=\"widget\" data-e-type=\"widget\" data-widget_type=\"heading.default\">\n\t\t\t\t<div class=\"elementor-widget-container\">\n\t\t\t\t\t<h1 class=\"elementor-heading-title elementor-size-default\">latest&nbsp;<\/h1>\t\t\t\t<\/div>\n\t\t\t\t<\/div>\n\t\t\t\t<div class=\"elementor-element elementor-element-daae5f1 elementor-widget__width-auto elementor-widget elementor-widget-heading\" data-id=\"daae5f1\" data-element_type=\"widget\" data-e-type=\"widget\" data-widget_type=\"heading.default\">\n\t\t\t\t<div class=\"elementor-widget-container\">\n\t\t\t\t\t<h1 class=\"elementor-heading-title elementor-size-default\">NEWS<\/h1>\t\t\t\t<\/div>\n\t\t\t\t<\/div>\n\t\t\t\t\t<\/div>\n\t\t<\/div>\n\t\t\t\t\t<\/div>\n\t\t<\/section>\n\t\t\t\t<section class=\"elementor-section elementor-top-section elementor-element elementor-element-e42a96a elementor-section-boxed elementor-section-height-default elementor-section-height-default\" data-id=\"e42a96a\" data-element_type=\"section\" data-e-type=\"section\">\n\t\t\t\t\t\t<div class=\"elementor-container elementor-column-gap-default\">\n\t\t\t\t\t<div class=\"elementor-column elementor-col-16 elementor-top-column elementor-element elementor-element-fcb1ecc elementor-hidden-mobile\" data-id=\"fcb1ecc\" data-element_type=\"column\" data-e-type=\"column\">\n\t\t\t<div class=\"elementor-widget-wrap\">\n\t\t\t\t\t\t\t<\/div>\n\t\t<\/div>\n\t\t\t\t<div class=\"elementor-column elementor-col-66 elementor-top-column elementor-element elementor-element-755ac0d\" data-id=\"755ac0d\" data-element_type=\"column\" data-e-type=\"column\">\n\t\t\t<div class=\"elementor-widget-wrap elementor-element-populated\">\n\t\t\t\t\t\t<div class=\"elementor-element elementor-element-3d9371e elementor-widget elementor-widget-heading\" data-id=\"3d9371e\" data-element_type=\"widget\" data-e-type=\"widget\" data-widget_type=\"heading.default\">\n\t\t\t\t<div class=\"elementor-widget-container\">\n\t\t\t\t\t<h2 class=\"elementor-heading-title elementor-size-default\">Here, I Belong<\/h2>\t\t\t\t<\/div>\n\t\t\t\t<\/div>\n\t\t\t\t<div class=\"elementor-element elementor-element-be52e38 elementor-widget elementor-widget-text-editor\" data-id=\"be52e38\" data-element_type=\"widget\" data-e-type=\"widget\" data-widget_type=\"text-editor.default\">\n\t\t\t\t<div class=\"elementor-widget-container\">\n\t\t\t\t\t\t\t\t\t<p>Reisen ist nicht nur Nahrung f\u00fcr die Seele, sondern eine lebendige Farbpalette f\u00fcr den Geist. Jede neue Reise l\u00e4dt uns ein, unsere Wahrnehmungen mit breiten Pinselstrichen der Entdeckung zu malen und unseren Horizont mit den Farben neuer Perspektiven zu schattieren. Im Herzen eines jeden Abenteuers liegt das Wesen des reinen Eskapismus \u2013 eine wunderbare Flucht aus dem Alltag.<\/p><p>Mit einer bemerkenswerten 79-j\u00e4hrigen Tradition ist die Reise von Louis Hotels von der Leidenschaft gepr\u00e4gt, au\u00dfergew\u00f6hnliche G\u00e4steerlebnisse an erstklassigen Standorten zu bieten. Wir laden Sie ein, Ihren perfekten R\u00fcckzugsort zu erleben, w\u00e4hrend Sie unsere <strong>26 Hotels, 7 Reiseziele, 3 Kollektionen und 1 Verm\u00e4chtnis entdecken<\/strong>.<\/p>\t\t\t\t\t\t\t\t<\/div>\n\t\t\t\t<\/div>\n\t\t\t\t<section class=\"elementor-section elementor-inner-section elementor-element elementor-element-2a2b7c5 elementor-section-boxed elementor-section-height-default elementor-section-height-default\" data-id=\"2a2b7c5\" data-element_type=\"section\" data-e-type=\"section\">\n\t\t\t\t\t\t<div class=\"elementor-container elementor-column-gap-default\">\n\t\t\t\t\t<div class=\"elementor-column elementor-col-25 elementor-inner-column elementor-element elementor-element-3e87b4f elementor-hidden-mobile elementor-hidden-tablet\" data-id=\"3e87b4f\" data-element_type=\"column\" data-e-type=\"column\">\n\t\t\t<div class=\"elementor-widget-wrap\">\n\t\t\t\t\t\t\t<\/div>\n\t\t<\/div>\n\t\t\t\t<div class=\"elementor-column elementor-col-25 elementor-inner-column elementor-element elementor-element-d8550a8\" data-id=\"d8550a8\" data-element_type=\"column\" data-e-type=\"column\">\n\t\t\t<div class=\"elementor-widget-wrap elementor-element-populated\">\n\t\t\t\t\t\t<div class=\"elementor-element elementor-element-592b464 elementor-widget elementor-widget-image\" data-id=\"592b464\" data-element_type=\"widget\" data-e-type=\"widget\" data-widget_type=\"image.default\">\n\t\t\t\t<div class=\"elementor-widget-container\">\n\t\t\t\t\t\t\t\t\t\t\t\t<figure class=\"wp-caption\">\n\t\t\t\t\t\t\t\t\t\t\t<a href=\"https:\/\/louishotelspro.com\/wp-content\/uploads\/2025\/10\/Louis-newspaper-Here-I-Belong.pdf\" target=\"_blank\">\n\t\t\t\t\t\t\t<img decoding=\"async\" src=\"https:\/\/louishotelspro.com\/wp-content\/uploads\/elementor\/thumbs\/Louis-newspaper-Here-I-Belong-1-1-re0cdij9xsym1l54l3wf6bboja6g07ooawdstwmw3k.jpg\" title=\"Louis-newspaper-Here-I-Belong-1\" alt=\"newspaper\" loading=\"lazy\" \/>\t\t\t\t\t\t\t\t<\/a>\n\t\t\t\t\t\t\t\t\t\t\t<figcaption class=\"widget-image-caption wp-caption-text\">HERUNTERLADEN <br> ALLE NEUESTEN NACHRICHTEN<\/figcaption>\n\t\t\t\t\t\t\t\t\t\t<\/figure>\n\t\t\t\t\t\t\t\t\t<\/div>\n\t\t\t\t<\/div>\n\t\t\t\t\t<\/div>\n\t\t<\/div>\n\t\t\t\t<div class=\"elementor-column elementor-col-25 elementor-inner-column elementor-element elementor-element-d8b9cb6\" data-id=\"d8b9cb6\" data-element_type=\"column\" data-e-type=\"column\">\n\t\t\t<div class=\"elementor-widget-wrap elementor-element-populated\">\n\t\t\t\t\t\t<div class=\"elementor-element elementor-element-d16679d elementor-widget elementor-widget-image\" data-id=\"d16679d\" data-element_type=\"widget\" data-e-type=\"widget\" data-widget_type=\"image.default\">\n\t\t\t\t<div class=\"elementor-widget-container\">\n\t\t\t\t\t\t\t\t\t\t\t\t<figure class=\"wp-caption\">\n\t\t\t\t\t\t\t\t\t\t\t<a href=\"https:\/\/louishotelspro.com\/wp-content\/uploads\/2024\/12\/CSR-report-1.pdf\" target=\"_blank\">\n\t\t\t\t\t\t\t<img decoding=\"async\" src=\"https:\/\/louishotelspro.com\/wp-content\/uploads\/elementor\/thumbs\/CSR-report-1-1-qy20bt9zd6rfft6lz1i3nc9rvrytv6lspbykm9kd1c.jpg\" title=\"CSR-report-1.jpg\" alt=\"CSR-report-1.jpg\" loading=\"lazy\" \/>\t\t\t\t\t\t\t\t<\/a>\n\t\t\t\t\t\t\t\t\t\t\t<figcaption class=\"widget-image-caption wp-caption-text\">HERUNTERLADEN <br> NACHHALTIGKEITSBERICHT<\/figcaption>\n\t\t\t\t\t\t\t\t\t\t<\/figure>\n\t\t\t\t\t\t\t\t\t<\/div>\n\t\t\t\t<\/div>\n\t\t\t\t\t<\/div>\n\t\t<\/div>\n\t\t\t\t<div class=\"elementor-column elementor-col-25 elementor-inner-column elementor-element elementor-element-4e2c12a elementor-hidden-mobile elementor-hidden-tablet\" data-id=\"4e2c12a\" data-element_type=\"column\" data-e-type=\"column\">\n\t\t\t<div class=\"elementor-widget-wrap\">\n\t\t\t\t\t\t\t<\/div>\n\t\t<\/div>\n\t\t\t\t\t<\/div>\n\t\t<\/section>\n\t\t\t\t\t<\/div>\n\t\t<\/div>\n\t\t\t\t<div class=\"elementor-column elementor-col-16 elementor-top-column elementor-element elementor-element-f5f0fce elementor-hidden-mobile\" data-id=\"f5f0fce\" data-element_type=\"column\" data-e-type=\"column\">\n\t\t\t<div class=\"elementor-widget-wrap\">\n\t\t\t\t\t\t\t<\/div>\n\t\t<\/div>\n\t\t\t\t\t<\/div>\n\t\t<\/section>\n\t\t\t\t<\/div>\n\t\t","protected":false},"excerpt":{"rendered":"<p>26HO 7DO 3CO 1LO latest&nbsp; NEWS Here, I Belong Reisen ist nicht nur Nahrung f\u00fcr die Seele, sondern eine lebendige Farbpalette f\u00fcr den Geist. Jede neue Reise l\u00e4dt uns ein, unsere Wahrnehmungen mit breiten Pinselstrichen der Entdeckung zu malen und unseren Horizont mit den Farben neuer Perspektiven zu schattieren. Im Herzen eines jeden Abenteuers liegt [&hellip;]<\/p>\n","protected":false},"author":6,"featured_media":0,"parent":0,"menu_order":0,"comment_status":"closed","ping_status":"closed","template":"","meta":{"_acf_changed":false,"footnotes":""},"class_list":["post-15161","page","type-page","status-publish","hentry"],"acf":[],"yoast_head":"<!-- This site is optimized with the Yoast SEO plugin v27.1.1 - https:\/\/yoast.com\/product\/yoast-seo-wordpress\/ -->\n<title>Latest News | Louis Hotels for Professionals<\/title>\n<meta name=\"description\" content=\"Welcome to Louis Hotels Professionals Travel Agent Portal. Find out about our latest news and important information relevant to you.\" \/>\n<meta name=\"robots\" content=\"index, follow, max-snippet:-1, max-image-preview:large, max-video-preview:-1\" \/>\n<link rel=\"canonical\" href=\"https:\/\/louishotelspro.com\/our-blog\/\" \/>\n<meta property=\"og:locale\" content=\"de_DE\" \/>\n<meta property=\"og:type\" content=\"article\" \/>\n<meta property=\"og:title\" content=\"Latest News | Louis Hotels for Professionals\" \/>\n<meta property=\"og:description\" content=\"Welcome to Louis Hotels Professionals Travel Agent Portal. Find out about our latest news and important information relevant to you.\" \/>\n<meta property=\"og:url\" content=\"https:\/\/louishotelspro.com\/our-blog\/\" \/>\n<meta property=\"og:site_name\" content=\"Louis Hotels Pro\" \/>\n<meta property=\"article:modified_time\" content=\"2025-10-31T08:34:26+00:00\" \/>\n<meta property=\"og:image\" content=\"https:\/\/louishotelspro.com\/wp-content\/uploads\/elementor\/thumbs\/Louis-newspaper-Here-I-Belong-1-1-re0cdij9xsym1l54l3wf6bboja6g07ooawdstwmw3k.jpg\" \/>\n<meta name=\"twitter:card\" content=\"summary_large_image\" \/>\n<meta name=\"twitter:label1\" content=\"Gesch\u00e4tzte Lesezeit\" \/>\n\t<meta name=\"twitter:data1\" content=\"2\u00a0Minuten\" \/>\n<script type=\"application\/ld+json\" class=\"yoast-schema-graph\">{\"@context\":\"https:\/\/schema.org\",\"@graph\":[{\"@type\":\"WebPage\",\"@id\":\"https:\/\/louishotelspro.com\/our-blog\/\",\"url\":\"https:\/\/louishotelspro.com\/our-blog\/\",\"name\":\"Latest News | Louis Hotels for Professionals\",\"isPartOf\":{\"@id\":\"https:\/\/louishotelspro.com\/#website\"},\"primaryImageOfPage\":{\"@id\":\"https:\/\/louishotelspro.com\/our-blog\/#primaryimage\"},\"image\":{\"@id\":\"https:\/\/louishotelspro.com\/our-blog\/#primaryimage\"},\"thumbnailUrl\":\"https:\/\/louishotelspro.com\/wp-content\/uploads\/elementor\/thumbs\/Louis-newspaper-Here-I-Belong-1-1-re0cdij9xsym1l54l3wf6bboja6g07ooawdstwmw3k.jpg\",\"datePublished\":\"2018-08-31T06:52:12+00:00\",\"dateModified\":\"2025-10-31T08:34:26+00:00\",\"description\":\"Welcome to Louis Hotels Professionals Travel Agent Portal. Find out about our latest news and important information relevant to you.\",\"breadcrumb\":{\"@id\":\"https:\/\/louishotelspro.com\/our-blog\/#breadcrumb\"},\"inLanguage\":\"de\",\"potentialAction\":[{\"@type\":\"ReadAction\",\"target\":[\"https:\/\/louishotelspro.com\/our-blog\/\"]}]},{\"@type\":\"ImageObject\",\"inLanguage\":\"de\",\"@id\":\"https:\/\/louishotelspro.com\/our-blog\/#primaryimage\",\"url\":\"https:\/\/louishotelspro.com\/wp-content\/uploads\/elementor\/thumbs\/Louis-newspaper-Here-I-Belong-1-1-re0cdij9xsym1l54l3wf6bboja6g07ooawdstwmw3k.jpg\",\"contentUrl\":\"https:\/\/louishotelspro.com\/wp-content\/uploads\/elementor\/thumbs\/Louis-newspaper-Here-I-Belong-1-1-re0cdij9xsym1l54l3wf6bboja6g07ooawdstwmw3k.jpg\"},{\"@type\":\"BreadcrumbList\",\"@id\":\"https:\/\/louishotelspro.com\/our-blog\/#breadcrumb\",\"itemListElement\":[{\"@type\":\"ListItem\",\"position\":1,\"name\":\"Home\",\"item\":\"https:\/\/louishotelspro.com\/ru\/\"},{\"@type\":\"ListItem\",\"position\":2,\"name\":\"Blog\"}]},{\"@type\":\"WebSite\",\"@id\":\"https:\/\/louishotelspro.com\/#website\",\"url\":\"https:\/\/louishotelspro.com\/\",\"name\":\"Louis Hotels Pro\",\"description\":\"Just another WordPress site\",\"publisher\":{\"@id\":\"https:\/\/louishotelspro.com\/#organization\"},\"potentialAction\":[{\"@type\":\"SearchAction\",\"target\":{\"@type\":\"EntryPoint\",\"urlTemplate\":\"https:\/\/louishotelspro.com\/?s={search_term_string}\"},\"query-input\":{\"@type\":\"PropertyValueSpecification\",\"valueRequired\":true,\"valueName\":\"search_term_string\"}}],\"inLanguage\":\"de\"},{\"@type\":\"Organization\",\"@id\":\"https:\/\/louishotelspro.com\/#organization\",\"name\":\"Louis Hotels\",\"url\":\"https:\/\/louishotelspro.com\/\",\"logo\":{\"@type\":\"ImageObject\",\"inLanguage\":\"de\",\"@id\":\"https:\/\/louishotelspro.com\/#\/schema\/logo\/image\/\",\"url\":\"https:\/\/louishotelspro.com\/wp-content\/uploads\/2018\/04\/logo-w.png\",\"contentUrl\":\"https:\/\/louishotelspro.com\/wp-content\/uploads\/2018\/04\/logo-w.png\",\"width\":380,\"height\":36,\"caption\":\"Louis Hotels\"},\"image\":{\"@id\":\"https:\/\/louishotelspro.com\/#\/schema\/logo\/image\/\"}}]}<\/script>\n<!-- \/ Yoast SEO plugin. -->","yoast_head_json":{"title":"Latest News | Louis Hotels for Professionals","description":"Welcome to Louis Hotels Professionals Travel Agent Portal. Find out about our latest news and important information relevant to you.","robots":{"index":"index","follow":"follow","max-snippet":"max-snippet:-1","max-image-preview":"max-image-preview:large","max-video-preview":"max-video-preview:-1"},"canonical":"https:\/\/louishotelspro.com\/our-blog\/","og_locale":"de_DE","og_type":"article","og_title":"Latest News | Louis Hotels for Professionals","og_description":"Welcome to Louis Hotels Professionals Travel Agent Portal. Find out about our latest news and important information relevant to you.","og_url":"https:\/\/louishotelspro.com\/our-blog\/","og_site_name":"Louis Hotels Pro","article_modified_time":"2025-10-31T08:34:26+00:00","og_image":[{"url":"https:\/\/louishotelspro.com\/wp-content\/uploads\/elementor\/thumbs\/Louis-newspaper-Here-I-Belong-1-1-re0cdij9xsym1l54l3wf6bboja6g07ooawdstwmw3k.jpg","type":"","width":"","height":""}],"twitter_card":"summary_large_image","twitter_misc":{"Gesch\u00e4tzte Lesezeit":"2\u00a0Minuten"},"schema":{"@context":"https:\/\/schema.org","@graph":[{"@type":"WebPage","@id":"https:\/\/louishotelspro.com\/our-blog\/","url":"https:\/\/louishotelspro.com\/our-blog\/","name":"Latest News | Louis Hotels for Professionals","isPartOf":{"@id":"https:\/\/louishotelspro.com\/#website"},"primaryImageOfPage":{"@id":"https:\/\/louishotelspro.com\/our-blog\/#primaryimage"},"image":{"@id":"https:\/\/louishotelspro.com\/our-blog\/#primaryimage"},"thumbnailUrl":"https:\/\/louishotelspro.com\/wp-content\/uploads\/elementor\/thumbs\/Louis-newspaper-Here-I-Belong-1-1-re0cdij9xsym1l54l3wf6bboja6g07ooawdstwmw3k.jpg","datePublished":"2018-08-31T06:52:12+00:00","dateModified":"2025-10-31T08:34:26+00:00","description":"Welcome to Louis Hotels Professionals Travel Agent Portal. Find out about our latest news and important information relevant to you.","breadcrumb":{"@id":"https:\/\/louishotelspro.com\/our-blog\/#breadcrumb"},"inLanguage":"de","potentialAction":[{"@type":"ReadAction","target":["https:\/\/louishotelspro.com\/our-blog\/"]}]},{"@type":"ImageObject","inLanguage":"de","@id":"https:\/\/louishotelspro.com\/our-blog\/#primaryimage","url":"https:\/\/louishotelspro.com\/wp-content\/uploads\/elementor\/thumbs\/Louis-newspaper-Here-I-Belong-1-1-re0cdij9xsym1l54l3wf6bboja6g07ooawdstwmw3k.jpg","contentUrl":"https:\/\/louishotelspro.com\/wp-content\/uploads\/elementor\/thumbs\/Louis-newspaper-Here-I-Belong-1-1-re0cdij9xsym1l54l3wf6bboja6g07ooawdstwmw3k.jpg"},{"@type":"BreadcrumbList","@id":"https:\/\/louishotelspro.com\/our-blog\/#breadcrumb","itemListElement":[{"@type":"ListItem","position":1,"name":"Home","item":"https:\/\/louishotelspro.com\/ru\/"},{"@type":"ListItem","position":2,"name":"Blog"}]},{"@type":"WebSite","@id":"https:\/\/louishotelspro.com\/#website","url":"https:\/\/louishotelspro.com\/","name":"Louis Hotels Pro","description":"Just another WordPress site","publisher":{"@id":"https:\/\/louishotelspro.com\/#organization"},"potentialAction":[{"@type":"SearchAction","target":{"@type":"EntryPoint","urlTemplate":"https:\/\/louishotelspro.com\/?s={search_term_string}"},"query-input":{"@type":"PropertyValueSpecification","valueRequired":true,"valueName":"search_term_string"}}],"inLanguage":"de"},{"@type":"Organization","@id":"https:\/\/louishotelspro.com\/#organization","name":"Louis Hotels","url":"https:\/\/louishotelspro.com\/","logo":{"@type":"ImageObject","inLanguage":"de","@id":"https:\/\/louishotelspro.com\/#\/schema\/logo\/image\/","url":"https:\/\/louishotelspro.com\/wp-content\/uploads\/2018\/04\/logo-w.png","contentUrl":"https:\/\/louishotelspro.com\/wp-content\/uploads\/2018\/04\/logo-w.png","width":380,"height":36,"caption":"Louis Hotels"},"image":{"@id":"https:\/\/louishotelspro.com\/#\/schema\/logo\/image\/"}}]}},"_links":{"self":[{"href":"https:\/\/louishotelspro.com\/de\/wp-json\/wp\/v2\/pages\/15161","targetHints":{"allow":["GET"]}}],"collection":[{"href":"https:\/\/louishotelspro.com\/de\/wp-json\/wp\/v2\/pages"}],"about":[{"href":"https:\/\/louishotelspro.com\/de\/wp-json\/wp\/v2\/types\/page"}],"author":[{"embeddable":true,"href":"https:\/\/louishotelspro.com\/de\/wp-json\/wp\/v2\/users\/6"}],"replies":[{"embeddable":true,"href":"https:\/\/louishotelspro.com\/de\/wp-json\/wp\/v2\/comments?post=15161"}],"version-history":[{"count":0,"href":"https:\/\/louishotelspro.com\/de\/wp-json\/wp\/v2\/pages\/15161\/revisions"}],"wp:attachment":[{"href":"https:\/\/louishotelspro.com\/de\/wp-json\/wp\/v2\/media?parent=15161"}],"curies":[{"name":"wp","href":"https:\/\/api.w.org\/{rel}","templated":true}]}}