{"id":14889,"date":"2024-10-31T09:57:19","date_gmt":"2024-10-31T07:57:19","guid":{"rendered":"https:\/\/louishotelspro.com\/hotels-collections\/"},"modified":"2025-10-31T10:44:18","modified_gmt":"2025-10-31T08:44:18","slug":"hotels-collections","status":"publish","type":"page","link":"https:\/\/louishotelspro.com\/de\/hotels-collections\/","title":{"rendered":"Hotels &amp; Kollektionen"},"content":{"rendered":"\t\t<div data-elementor-type=\"wp-post\" data-elementor-id=\"14889\" class=\"elementor elementor-14889 elementor-14859\" data-elementor-post-type=\"page\">\n\t\t\t\t\t\t<section class=\"elementor-section elementor-top-section elementor-element elementor-element-a21237f elementor-section-height-min-height elementor-section-boxed elementor-section-height-default elementor-section-items-middle\" data-id=\"a21237f\" data-element_type=\"section\" data-e-type=\"section\" data-settings=\"{&quot;background_background&quot;:&quot;classic&quot;}\">\n\t\t\t\t\t\t<div class=\"elementor-container elementor-column-gap-default\">\n\t\t\t\t\t<div class=\"elementor-column elementor-col-100 elementor-top-column elementor-element elementor-element-e060a97\" data-id=\"e060a97\" data-element_type=\"column\" data-e-type=\"column\">\n\t\t\t<div class=\"elementor-widget-wrap elementor-element-populated\">\n\t\t\t\t\t\t<div class=\"elementor-element elementor-element-8522a25 elementor-widget elementor-widget-heading\" data-id=\"8522a25\" data-element_type=\"widget\" data-e-type=\"widget\" data-widget_type=\"heading.default\">\n\t\t\t\t<div class=\"elementor-widget-container\">\n\t\t\t\t\t<span class=\"elementor-heading-title elementor-size-default\"><span style=\"color:#005C5D\">26H<sup>O<\/sup> <\/span>7D<sup>O<\/sup> <span style=\"color:#005C5D\">3C<sup>O<\/sup><\/span> 1L<sup>O<\/sup><\/span>\t\t\t\t<\/div>\n\t\t\t\t<\/div>\n\t\t\t\t<div class=\"elementor-element elementor-element-bffeeff elementor-widget__width-auto elementor-widget elementor-widget-heading\" data-id=\"bffeeff\" data-element_type=\"widget\" data-e-type=\"widget\" data-widget_type=\"heading.default\">\n\t\t\t\t<div class=\"elementor-widget-container\">\n\t\t\t\t\t<h1 class=\"elementor-heading-title elementor-size-default\">our HOTELS<\/h1>\t\t\t\t<\/div>\n\t\t\t\t<\/div>\n\t\t\t\t<div class=\"elementor-element elementor-element-8abe661 elementor-widget__width-auto elementor-widget elementor-widget-heading\" data-id=\"8abe661\" data-element_type=\"widget\" data-e-type=\"widget\" data-widget_type=\"heading.default\">\n\t\t\t\t<div class=\"elementor-widget-container\">\n\t\t\t\t\t<h1 class=\"elementor-heading-title elementor-size-default\">&nbsp;at a glance<\/h1>\t\t\t\t<\/div>\n\t\t\t\t<\/div>\n\t\t\t\t\t<\/div>\n\t\t<\/div>\n\t\t\t\t\t<\/div>\n\t\t<\/section>\n\t\t\t\t<section class=\"elementor-section elementor-top-section elementor-element elementor-element-3ca7309 elementor-section-boxed elementor-section-height-default elementor-section-height-default\" data-id=\"3ca7309\" data-element_type=\"section\" data-e-type=\"section\">\n\t\t\t\t\t\t<div class=\"elementor-container elementor-column-gap-default\">\n\t\t\t\t\t<div class=\"elementor-column elementor-col-16 elementor-top-column elementor-element elementor-element-09800db elementor-hidden-mobile\" data-id=\"09800db\" data-element_type=\"column\" data-e-type=\"column\">\n\t\t\t<div class=\"elementor-widget-wrap\">\n\t\t\t\t\t\t\t<\/div>\n\t\t<\/div>\n\t\t\t\t<div class=\"elementor-column elementor-col-66 elementor-top-column elementor-element elementor-element-d8031d4\" data-id=\"d8031d4\" data-element_type=\"column\" data-e-type=\"column\">\n\t\t\t<div class=\"elementor-widget-wrap elementor-element-populated\">\n\t\t\t\t\t\t<div class=\"elementor-element elementor-element-2752074 elementor-widget elementor-widget-heading\" data-id=\"2752074\" data-element_type=\"widget\" data-e-type=\"widget\" data-widget_type=\"heading.default\">\n\t\t\t\t<div class=\"elementor-widget-container\">\n\t\t\t\t\t<h2 class=\"elementor-heading-title elementor-size-default\">Here, I Belong<\/h2>\t\t\t\t<\/div>\n\t\t\t\t<\/div>\n\t\t\t\t<div class=\"elementor-element elementor-element-5450c45 elementor-widget elementor-widget-text-editor\" data-id=\"5450c45\" data-element_type=\"widget\" data-e-type=\"widget\" data-widget_type=\"text-editor.default\">\n\t\t\t\t<div class=\"elementor-widget-container\">\n\t\t\t\t\t\t\t\t\t<p>Wir laden Sie ein, Ihr perfektes Urlaubserlebnis in einem unserer 26 H\u00e4user an sieben bezaubernden Reisezielen zu genie\u00dfen, verteilt auf drei einzigartige Kollektionen: Elegant, Family und Villa.<\/p><p>Genie\u00dfen Sie die W\u00e4rme der Sonne an den unber\u00fchrten Str\u00e4nden Zyperns oder lassen Sie sich von der Magie der griechischen Inseln auf Kreta, Rhodos, Zakynthos, Korfu, Kefalonia und Mykonos verzaubern. Unsere vielf\u00e4ltigen Urlaubsangebote erf\u00fcllen Ihre tiefsten W\u00fcnsche, ob Sie alleine zu einer Reise der Selbstentdeckung aufbrechen, wertvolle Zeit mit Ihrem Partner verbringen m\u00f6chten oder unvergessliche Momente mit Ihrer Familie suchen.<\/p><p>Begeben Sie sich auf eine Reise, um Ihr ideales Urlaubsziel zu finden, wo ma\u00dfgeschneiderte Gastfreundschaft das Allt\u00e4gliche \u00fcbersteigt. Tauchen Sie ein in die perfekte Kombination aus unvergleichlicher Erholung und inspirierendem Reisen: Entdecken Sie eine Welt voller neuer Horizonte.<\/p>\t\t\t\t\t\t\t\t<\/div>\n\t\t\t\t<\/div>\n\t\t\t\t<section class=\"elementor-section elementor-inner-section elementor-element elementor-element-b156d5a elementor-section-boxed elementor-section-height-default elementor-section-height-default\" data-id=\"b156d5a\" data-element_type=\"section\" data-e-type=\"section\">\n\t\t\t\t\t\t<div class=\"elementor-container elementor-column-gap-default\">\n\t\t\t\t\t<div class=\"elementor-column elementor-col-50 elementor-inner-column elementor-element elementor-element-31d983e\" data-id=\"31d983e\" data-element_type=\"column\" data-e-type=\"column\">\n\t\t\t<div class=\"elementor-widget-wrap elementor-element-populated\">\n\t\t\t\t\t\t<div class=\"elementor-element elementor-element-e84fd2d elementor-widget elementor-widget-image\" data-id=\"e84fd2d\" data-element_type=\"widget\" data-e-type=\"widget\" data-widget_type=\"image.default\">\n\t\t\t\t<div class=\"elementor-widget-container\">\n\t\t\t\t\t\t\t\t\t\t\t\t<figure class=\"wp-caption\">\n\t\t\t\t\t\t\t\t\t\t\t<a href=\"https:\/\/louishotelspro.com\/wp-content\/uploads\/2025\/10\/Pro-Guide-pages-2026-all-page-to-send.pdf\" target=\"_blank\">\n\t\t\t\t\t\t\t<img decoding=\"async\" src=\"https:\/\/louishotelspro.com\/wp-content\/uploads\/elementor\/thumbs\/pro-scaled-1-re0cvtg50o0m48k0pipw871sydyqw1cihhp68vhwxs.jpg\" title=\"pro-scaled.jpg\" alt=\"pro-scaled.jpg\" loading=\"lazy\" \/>\t\t\t\t\t\t\t\t<\/a>\n\t\t\t\t\t\t\t\t\t\t\t<figcaption class=\"widget-image-caption wp-caption-text\">HERUNTERLADEN <BR>UNSEREN PROFI-GUIDE<\/figcaption>\n\t\t\t\t\t\t\t\t\t\t<\/figure>\n\t\t\t\t\t\t\t\t\t<\/div>\n\t\t\t\t<\/div>\n\t\t\t\t\t<\/div>\n\t\t<\/div>\n\t\t\t\t<div class=\"elementor-column elementor-col-50 elementor-inner-column elementor-element elementor-element-9858468\" data-id=\"9858468\" data-element_type=\"column\" data-e-type=\"column\">\n\t\t\t<div class=\"elementor-widget-wrap elementor-element-populated\">\n\t\t\t\t\t\t<div class=\"elementor-element elementor-element-100a04c elementor-widget elementor-widget-image\" data-id=\"100a04c\" data-element_type=\"widget\" data-e-type=\"widget\" data-widget_type=\"image.default\">\n\t\t\t\t<div class=\"elementor-widget-container\">\n\t\t\t\t\t\t\t\t\t\t\t\t<figure class=\"wp-caption\">\n\t\t\t\t\t\t\t\t\t\t\t<a href=\"https:\/\/louishotelspro.com\/wp-content\/uploads\/2025\/10\/Discover-B2B_EN-2026-FINAL-all-to-send.pdf\" target=\"_blank\">\n\t\t\t\t\t\t\t<img decoding=\"async\" src=\"https:\/\/louishotelspro.com\/wp-content\/uploads\/elementor\/thumbs\/discover-1-re0cvudz7i1wfuink14isot9jru43qg8tmcnq5girk.jpg\" title=\"discover.jpg\" alt=\"discover.jpg\" loading=\"lazy\" \/>\t\t\t\t\t\t\t\t<\/a>\n\t\t\t\t\t\t\t\t\t\t\t<figcaption class=\"widget-image-caption wp-caption-text\">HERUNTERLADEN <BR>UNSEREN REISEF\u00dcHRER<\/figcaption>\n\t\t\t\t\t\t\t\t\t\t<\/figure>\n\t\t\t\t\t\t\t\t\t<\/div>\n\t\t\t\t<\/div>\n\t\t\t\t\t<\/div>\n\t\t<\/div>\n\t\t\t\t\t<\/div>\n\t\t<\/section>\n\t\t\t\t\t<\/div>\n\t\t<\/div>\n\t\t\t\t<div class=\"elementor-column elementor-col-16 elementor-top-column elementor-element elementor-element-495272b elementor-hidden-mobile\" data-id=\"495272b\" data-element_type=\"column\" data-e-type=\"column\">\n\t\t\t<div class=\"elementor-widget-wrap\">\n\t\t\t\t\t\t\t<\/div>\n\t\t<\/div>\n\t\t\t\t\t<\/div>\n\t\t<\/section>\n\t\t\t\t<\/div>\n\t\t","protected":false},"excerpt":{"rendered":"<p>26HO 7DO 3CO 1LO our HOTELS &nbsp;at a glance Here, I Belong Wir laden Sie ein, Ihr perfektes Urlaubserlebnis in einem unserer 26 H\u00e4user an sieben bezaubernden Reisezielen zu genie\u00dfen, verteilt auf drei einzigartige Kollektionen: Elegant, Family und Villa. Genie\u00dfen Sie die W\u00e4rme der Sonne an den unber\u00fchrten Str\u00e4nden Zyperns oder lassen Sie sich von [&hellip;]<\/p>\n","protected":false},"author":6,"featured_media":0,"parent":0,"menu_order":0,"comment_status":"closed","ping_status":"closed","template":"","meta":{"_acf_changed":false,"footnotes":""},"class_list":["post-14889","page","type-page","status-publish","hentry"],"acf":[],"yoast_head":"<!-- This site is optimized with the Yoast SEO plugin v27.1.1 - https:\/\/yoast.com\/product\/yoast-seo-wordpress\/ -->\n<title>About Louis Hotels<\/title>\n<meta name=\"description\" content=\"With 23 4*\/5* hotels in Cyprus and Greece and over 13,000 beds across Cyprus and Greece, Louis Hotels offers the modern traveler a \u201chappy place\u201d\" \/>\n<meta name=\"robots\" content=\"index, follow, max-snippet:-1, max-image-preview:large, max-video-preview:-1\" \/>\n<link rel=\"canonical\" href=\"https:\/\/louishotelspro.com\/de\/hotels-collections\/\" \/>\n<meta property=\"og:locale\" content=\"de_DE\" \/>\n<meta property=\"og:type\" content=\"article\" \/>\n<meta property=\"og:title\" content=\"About Louis Hotels\" \/>\n<meta property=\"og:description\" content=\"With 23 4*\/5* hotels in Cyprus and Greece and over 13,000 beds across Cyprus and Greece, Louis Hotels offers the modern traveler a \u201chappy place\u201d\" \/>\n<meta property=\"og:url\" content=\"https:\/\/louishotelspro.com\/de\/hotels-collections\/\" \/>\n<meta property=\"og:site_name\" content=\"Louis Hotels Pro\" \/>\n<meta property=\"article:modified_time\" content=\"2025-10-31T08:44:18+00:00\" \/>\n<meta property=\"og:image\" content=\"https:\/\/louishotelspro.com\/wp-content\/uploads\/elementor\/thumbs\/pro-scaled-1-re0cuqwr8gjuw83zyk26vyrwll8p4g3io6y9kj320w.jpg\" \/>\n<meta name=\"twitter:card\" content=\"summary_large_image\" \/>\n<meta name=\"twitter:label1\" content=\"Gesch\u00e4tzte Lesezeit\" \/>\n\t<meta name=\"twitter:data1\" content=\"2\u00a0Minuten\" \/>\n<script type=\"application\/ld+json\" class=\"yoast-schema-graph\">{\"@context\":\"https:\/\/schema.org\",\"@graph\":[{\"@type\":\"WebPage\",\"@id\":\"https:\/\/louishotelspro.com\/de\/hotels-collections\/\",\"url\":\"https:\/\/louishotelspro.com\/de\/hotels-collections\/\",\"name\":\"About Louis Hotels\",\"isPartOf\":{\"@id\":\"https:\/\/louishotelspro.com\/#website\"},\"primaryImageOfPage\":{\"@id\":\"https:\/\/louishotelspro.com\/de\/hotels-collections\/#primaryimage\"},\"image\":{\"@id\":\"https:\/\/louishotelspro.com\/de\/hotels-collections\/#primaryimage\"},\"thumbnailUrl\":\"https:\/\/louishotelspro.com\/wp-content\/uploads\/elementor\/thumbs\/pro-scaled-1-re0cuqwr8gjuw83zyk26vyrwll8p4g3io6y9kj320w.jpg\",\"datePublished\":\"2024-10-31T07:57:19+00:00\",\"dateModified\":\"2025-10-31T08:44:18+00:00\",\"description\":\"With 23 4*\/5* hotels in Cyprus and Greece and over 13,000 beds across Cyprus and Greece, Louis Hotels offers the modern traveler a \u201chappy place\u201d\",\"breadcrumb\":{\"@id\":\"https:\/\/louishotelspro.com\/de\/hotels-collections\/#breadcrumb\"},\"inLanguage\":\"de\",\"potentialAction\":[{\"@type\":\"ReadAction\",\"target\":[\"https:\/\/louishotelspro.com\/de\/hotels-collections\/\"]}]},{\"@type\":\"ImageObject\",\"inLanguage\":\"de\",\"@id\":\"https:\/\/louishotelspro.com\/de\/hotels-collections\/#primaryimage\",\"url\":\"https:\/\/louishotelspro.com\/wp-content\/uploads\/elementor\/thumbs\/pro-scaled-1-re0cuqwr8gjuw83zyk26vyrwll8p4g3io6y9kj320w.jpg\",\"contentUrl\":\"https:\/\/louishotelspro.com\/wp-content\/uploads\/elementor\/thumbs\/pro-scaled-1-re0cuqwr8gjuw83zyk26vyrwll8p4g3io6y9kj320w.jpg\"},{\"@type\":\"BreadcrumbList\",\"@id\":\"https:\/\/louishotelspro.com\/de\/hotels-collections\/#breadcrumb\",\"itemListElement\":[{\"@type\":\"ListItem\",\"position\":1,\"name\":\"Home\",\"item\":\"https:\/\/louishotelspro.com\/ru\/\"},{\"@type\":\"ListItem\",\"position\":2,\"name\":\"Hotels &amp; Kollektionen\"}]},{\"@type\":\"WebSite\",\"@id\":\"https:\/\/louishotelspro.com\/#website\",\"url\":\"https:\/\/louishotelspro.com\/\",\"name\":\"Louis Hotels Pro\",\"description\":\"Just another WordPress site\",\"publisher\":{\"@id\":\"https:\/\/louishotelspro.com\/#organization\"},\"potentialAction\":[{\"@type\":\"SearchAction\",\"target\":{\"@type\":\"EntryPoint\",\"urlTemplate\":\"https:\/\/louishotelspro.com\/?s={search_term_string}\"},\"query-input\":{\"@type\":\"PropertyValueSpecification\",\"valueRequired\":true,\"valueName\":\"search_term_string\"}}],\"inLanguage\":\"de\"},{\"@type\":\"Organization\",\"@id\":\"https:\/\/louishotelspro.com\/#organization\",\"name\":\"Louis Hotels\",\"url\":\"https:\/\/louishotelspro.com\/\",\"logo\":{\"@type\":\"ImageObject\",\"inLanguage\":\"de\",\"@id\":\"https:\/\/louishotelspro.com\/#\/schema\/logo\/image\/\",\"url\":\"https:\/\/louishotelspro.com\/wp-content\/uploads\/2018\/04\/logo-w.png\",\"contentUrl\":\"https:\/\/louishotelspro.com\/wp-content\/uploads\/2018\/04\/logo-w.png\",\"width\":380,\"height\":36,\"caption\":\"Louis Hotels\"},\"image\":{\"@id\":\"https:\/\/louishotelspro.com\/#\/schema\/logo\/image\/\"}}]}<\/script>\n<!-- \/ Yoast SEO plugin. -->","yoast_head_json":{"title":"About Louis Hotels","description":"With 23 4*\/5* hotels in Cyprus and Greece and over 13,000 beds across Cyprus and Greece, Louis Hotels offers the modern traveler a \u201chappy place\u201d","robots":{"index":"index","follow":"follow","max-snippet":"max-snippet:-1","max-image-preview":"max-image-preview:large","max-video-preview":"max-video-preview:-1"},"canonical":"https:\/\/louishotelspro.com\/de\/hotels-collections\/","og_locale":"de_DE","og_type":"article","og_title":"About Louis Hotels","og_description":"With 23 4*\/5* hotels in Cyprus and Greece and over 13,000 beds across Cyprus and Greece, Louis Hotels offers the modern traveler a \u201chappy place\u201d","og_url":"https:\/\/louishotelspro.com\/de\/hotels-collections\/","og_site_name":"Louis Hotels Pro","article_modified_time":"2025-10-31T08:44:18+00:00","og_image":[{"url":"https:\/\/louishotelspro.com\/wp-content\/uploads\/elementor\/thumbs\/pro-scaled-1-re0cuqwr8gjuw83zyk26vyrwll8p4g3io6y9kj320w.jpg","type":"","width":"","height":""}],"twitter_card":"summary_large_image","twitter_misc":{"Gesch\u00e4tzte Lesezeit":"2\u00a0Minuten"},"schema":{"@context":"https:\/\/schema.org","@graph":[{"@type":"WebPage","@id":"https:\/\/louishotelspro.com\/de\/hotels-collections\/","url":"https:\/\/louishotelspro.com\/de\/hotels-collections\/","name":"About Louis Hotels","isPartOf":{"@id":"https:\/\/louishotelspro.com\/#website"},"primaryImageOfPage":{"@id":"https:\/\/louishotelspro.com\/de\/hotels-collections\/#primaryimage"},"image":{"@id":"https:\/\/louishotelspro.com\/de\/hotels-collections\/#primaryimage"},"thumbnailUrl":"https:\/\/louishotelspro.com\/wp-content\/uploads\/elementor\/thumbs\/pro-scaled-1-re0cuqwr8gjuw83zyk26vyrwll8p4g3io6y9kj320w.jpg","datePublished":"2024-10-31T07:57:19+00:00","dateModified":"2025-10-31T08:44:18+00:00","description":"With 23 4*\/5* hotels in Cyprus and Greece and over 13,000 beds across Cyprus and Greece, Louis Hotels offers the modern traveler a \u201chappy place\u201d","breadcrumb":{"@id":"https:\/\/louishotelspro.com\/de\/hotels-collections\/#breadcrumb"},"inLanguage":"de","potentialAction":[{"@type":"ReadAction","target":["https:\/\/louishotelspro.com\/de\/hotels-collections\/"]}]},{"@type":"ImageObject","inLanguage":"de","@id":"https:\/\/louishotelspro.com\/de\/hotels-collections\/#primaryimage","url":"https:\/\/louishotelspro.com\/wp-content\/uploads\/elementor\/thumbs\/pro-scaled-1-re0cuqwr8gjuw83zyk26vyrwll8p4g3io6y9kj320w.jpg","contentUrl":"https:\/\/louishotelspro.com\/wp-content\/uploads\/elementor\/thumbs\/pro-scaled-1-re0cuqwr8gjuw83zyk26vyrwll8p4g3io6y9kj320w.jpg"},{"@type":"BreadcrumbList","@id":"https:\/\/louishotelspro.com\/de\/hotels-collections\/#breadcrumb","itemListElement":[{"@type":"ListItem","position":1,"name":"Home","item":"https:\/\/louishotelspro.com\/ru\/"},{"@type":"ListItem","position":2,"name":"Hotels &amp; Kollektionen"}]},{"@type":"WebSite","@id":"https:\/\/louishotelspro.com\/#website","url":"https:\/\/louishotelspro.com\/","name":"Louis Hotels Pro","description":"Just another WordPress site","publisher":{"@id":"https:\/\/louishotelspro.com\/#organization"},"potentialAction":[{"@type":"SearchAction","target":{"@type":"EntryPoint","urlTemplate":"https:\/\/louishotelspro.com\/?s={search_term_string}"},"query-input":{"@type":"PropertyValueSpecification","valueRequired":true,"valueName":"search_term_string"}}],"inLanguage":"de"},{"@type":"Organization","@id":"https:\/\/louishotelspro.com\/#organization","name":"Louis Hotels","url":"https:\/\/louishotelspro.com\/","logo":{"@type":"ImageObject","inLanguage":"de","@id":"https:\/\/louishotelspro.com\/#\/schema\/logo\/image\/","url":"https:\/\/louishotelspro.com\/wp-content\/uploads\/2018\/04\/logo-w.png","contentUrl":"https:\/\/louishotelspro.com\/wp-content\/uploads\/2018\/04\/logo-w.png","width":380,"height":36,"caption":"Louis Hotels"},"image":{"@id":"https:\/\/louishotelspro.com\/#\/schema\/logo\/image\/"}}]}},"_links":{"self":[{"href":"https:\/\/louishotelspro.com\/de\/wp-json\/wp\/v2\/pages\/14889","targetHints":{"allow":["GET"]}}],"collection":[{"href":"https:\/\/louishotelspro.com\/de\/wp-json\/wp\/v2\/pages"}],"about":[{"href":"https:\/\/louishotelspro.com\/de\/wp-json\/wp\/v2\/types\/page"}],"author":[{"embeddable":true,"href":"https:\/\/louishotelspro.com\/de\/wp-json\/wp\/v2\/users\/6"}],"replies":[{"embeddable":true,"href":"https:\/\/louishotelspro.com\/de\/wp-json\/wp\/v2\/comments?post=14889"}],"version-history":[{"count":0,"href":"https:\/\/louishotelspro.com\/de\/wp-json\/wp\/v2\/pages\/14889\/revisions"}],"wp:attachment":[{"href":"https:\/\/louishotelspro.com\/de\/wp-json\/wp\/v2\/media?parent=14889"}],"curies":[{"name":"wp","href":"https:\/\/api.w.org\/{rel}","templated":true}]}}